{"id":3541,"date":"2025-06-15T22:03:15","date_gmt":"2025-06-15T14:03:15","guid":{"rendered":"https:\/\/xpertdiamondtools.com\/?post_type=product&#038;p=3541"},"modified":"2025-06-15T22:03:16","modified_gmt":"2025-06-15T14:03:16","slug":"125mm-turbo-segmented-concrete-grinding-diamond-cup-wheel","status":"publish","type":"product","link":"https:\/\/xpertdiamondtools.com\/pt\/disco-de-diamante-de-125-mm-para-trituracao-de-betao-segmentado-turbo\/","title":{"rendered":"125mm Turbo Segmented Concrete Grinding Diamond Cup Wheel"},"content":{"rendered":"<p>Esta m\u00f3 de diamante segmentada de 125 mm, tipo turbo, foi concebida para um desbaste r\u00e1pido e eficiente de bet\u00e3o, alvenaria, pedra e revestimentos de superf\u00edcie. A combina\u00e7\u00e3o de arestas segmentadas e uma disposi\u00e7\u00e3o turbo assegura uma remo\u00e7\u00e3o agressiva do material, mantendo um excelente fluxo de ar para arrefecimento e extra\u00e7\u00e3o de poeiras. Est\u00e1 dispon\u00edvel uma vasta gama de gr\u00e3os de diamante e tipos de liga. V\u00e1rias liga\u00e7\u00f5es s\u00e3o opcionais, incluindo 22,23 mm, M14, 5\/8\u2033-11 UNC, entre outras.<\/p>","protected":false},"excerpt":{"rendered":"<p>A m\u00f3 de diamante tipo turbo de 125 mm est\u00e1 equipada com 10 barras de segmento. Proporciona um desempenho agressivo na tritura\u00e7\u00e3o de bet\u00e3o. Est\u00e3o dispon\u00edveis v\u00e1rios gr\u00e3os de diamante e aglutinantes para diferentes projectos de lixagem.<\/p>\n<ul>\n<li><strong>Tamanho da ch\u00e1vena:<\/strong> 5 polegadas (125 mm)<\/li>\n<li><strong>Tipo de segmento:<\/strong> Barra x 10 pe\u00e7as<\/li>\n<li><strong>Gr\u00e3os opcionais:<\/strong>\u00a06#, 10#, 16#, 20#, 25#, 30#, 60#, 80#, 100#, 120#, 180#, 220#<\/li>\n<li><strong>Obriga\u00e7\u00f5es facultativas:\u00a0<\/strong>muito duro, duro, m\u00e9dio, macio, muito macio, extremamente macio<\/li>\n<li><strong>M\u00e1quinas adequadas:<\/strong>\u00a0Rebarbadoras angulares e rebarbadoras de ch\u00e3o.<\/li>\n<li><strong>Peso l\u00edquido:<\/strong> 0,40 kg<\/li>\n<\/ul>","protected":false},"featured_media":3542,"template":"","meta":{"_uag_custom_page_level_css":"","site-sidebar-layout":"default","site-content-layout":"","ast-site-content-layout":"default","site-content-style":"default","site-sidebar-style":"default","ast-global-header-display":"","ast-banner-title-visibility":"","ast-main-header-display":"","ast-hfb-above-header-display":"","ast-hfb-below-header-display":"","ast-hfb-mobile-header-display":"","site-post-title":"","ast-breadcrumbs-content":"","ast-featured-img":"","footer-sml-layout":"","theme-transparent-header-meta":"default","adv-header-id-meta":"","stick-header-meta":"","header-above-stick-meta":"","header-main-stick-meta":"","header-below-stick-meta":"","astra-migrate-meta-layouts":"set","ast-page-background-enabled":"default","ast-page-background-meta":{"desktop":{"background-color":"var(--ast-global-color-5)","background-image":"","background-repeat":"repeat","background-position":"center center","background-size":"auto","background-attachment":"scroll","background-type":"","background-media":"","overlay-type":"","overlay-color":"","overlay-opacity":"","overlay-gradient":""},"tablet":{"background-color":"","background-image":"","background-repeat":"repeat","background-position":"center center","background-size":"auto","background-attachment":"scroll","background-type":"","background-media":"","overlay-type":"","overlay-color":"","overlay-opacity":"","overlay-gradient":""},"mobile":{"background-color":"","background-image":"","background-repeat":"repeat","background-position":"center center","background-size":"auto","background-attachment":"scroll","background-type":"","background-media":"","overlay-type":"","overlay-color":"","overlay-opacity":"","overlay-gradient":""}},"ast-content-background-meta":{"desktop":{"background-color":"var(--ast-global-color-4)","background-image":"","background-repeat":"repeat","background-position":"center center","background-size":"auto","background-attachment":"scroll","background-type":"","background-media":"","overlay-type":"","overlay-color":"","overlay-opacity":"","overlay-gradient":""},"tablet":{"background-color":"var(--ast-global-color-4)","background-image":"","background-repeat":"repeat","background-position":"center center","background-size":"auto","background-attachment":"scroll","background-type":"","background-media":"","overlay-type":"","overlay-color":"","overlay-opacity":"","overlay-gradient":""},"mobile":{"background-color":"var(--ast-global-color-4)","background-image":"","background-repeat":"repeat","background-position":"center center","background-size":"auto","background-attachment":"scroll","background-type":"","background-media":"","overlay-type":"","overlay-color":"","overlay-opacity":"","overlay-gradient":""}}},"product_brand":[61],"product_cat":[24,39],"product_tag":[253,254,506],"class_list":{"0":"post-3541","1":"product","2":"type-product","3":"status-publish","4":"has-post-thumbnail","6":"product_brand-xpert-diamond-tools","7":"product_cat-diamond-cup-wheels","8":"product_cat-metal-bond-cup-wheels","9":"product_tag-125mm-diamond-cup-wheel","10":"product_tag-5-inch-diamond-cup-wheel","11":"product_tag-concrete-grinding-wheel","12":"desktop-align-center","13":"tablet-align-left","14":"mobile-align-left","16":"first","17":"instock","18":"shipping-taxable","19":"purchasable","20":"product-type-simple"},"spectra_custom_meta":{"rank_math_seo_score":["8"],"_edit_last":["1"],"_thumbnail_id":["3542"],"_regular_price":["0"],"total_sales":["0"],"_tax_status":["taxable"],"_tax_class":[""],"_manage_stock":["no"],"_backorders":["no"],"_sold_individually":["no"],"_virtual":["no"],"_downloadable":["no"],"_download_limit":["-1"],"_download_expiry":["-1"],"_stock":[null],"_stock_status":["instock"],"_wc_average_rating":["0"],"_wc_review_count":["0"],"_product_version":["9.7.1"],"_price":["0"],"_product_image_gallery":["3543,3545,3544"],"rank_math_primary_product_brand":["61"],"rank_math_primary_product_cat":["24"],"site-sidebar-layout":["default"],"ast-site-content-layout":["default"],"site-content-style":["default"],"site-sidebar-style":["default"],"theme-transparent-header-meta":["default"],"_edit_lock":["1749996097:1"],"astra-migrate-meta-layouts":["set"],"_uag_page_assets":["a:9:{s:3:\"css\";s:7084:\".wp-block-uagb-image{display:flex}.wp-block-uagb-image__figure{position:relative;display:flex;flex-direction:column;max-width:100%;height:auto;margin:0}.wp-block-uagb-image__figure img{height:auto;display:flex;max-width:100%;transition:box-shadow 0.2s ease}.wp-block-uagb-image__figure>a{display:inline-block}.wp-block-uagb-image__figure figcaption{text-align:center;margin-top:0.5em;margin-bottom:1em}.wp-block-uagb-image .components-placeholder.block-editor-media-placeholder .components-placeholder__instructions{align-self:center}.wp-block-uagb-image--align-left{text-align:left}.wp-block-uagb-image--align-right{text-align:right}.wp-block-uagb-image--align-center{text-align:center}.wp-block-uagb-image--align-full .wp-block-uagb-image__figure{margin-left:calc(50% - 50vw);margin-right:calc(50% - 50vw);max-width:100vw;width:100vw;height:auto}.wp-block-uagb-image--align-full .wp-block-uagb-image__figure img{height:auto;width:100% !important}.wp-block-uagb-image--align-wide .wp-block-uagb-image__figure img{height:auto;width:100%}.wp-block-uagb-image--layout-overlay__color-wrapper{position:absolute;left:0;top:0;right:0;bottom:0;opacity:0.2;background:rgba(0,0,0,0.5);transition:opacity 0.35s ease-in-out}.wp-block-uagb-image--layout-overlay-link{position:absolute;left:0;right:0;bottom:0;top:0}.wp-block-uagb-image--layout-overlay .wp-block-uagb-image__figure:hover .wp-block-uagb-image--layout-overlay__color-wrapper{opacity:1}.wp-block-uagb-image--layout-overlay__inner{position:absolute;left:15px;right:15px;bottom:15px;top:15px;display:flex;align-items:center;justify-content:center;flex-direction:column;border-color:#fff;transition:0.35s ease-in-out}.wp-block-uagb-image--layout-overlay__inner.top-left,.wp-block-uagb-image--layout-overlay__inner.top-center,.wp-block-uagb-image--layout-overlay__inner.top-right{justify-content:flex-start}.wp-block-uagb-image--layout-overlay__inner.bottom-left,.wp-block-uagb-image--layout-overlay__inner.bottom-center,.wp-block-uagb-image--layout-overlay__inner.bottom-right{justify-content:flex-end}.wp-block-uagb-image--layout-overlay__inner.top-left,.wp-block-uagb-image--layout-overlay__inner.center-left,.wp-block-uagb-image--layout-overlay__inner.bottom-left{align-items:flex-start}.wp-block-uagb-image--layout-overlay__inner.top-right,.wp-block-uagb-image--layout-overlay__inner.center-right,.wp-block-uagb-image--layout-overlay__inner.bottom-right{align-items:flex-end}.wp-block-uagb-image--layout-overlay__inner .uagb-image-heading{color:#fff;transition:transform 0.35s, opacity 0.35s ease-in-out;transform:translate3d(0, 24px, 0);margin:0;line-height:1em}.wp-block-uagb-image--layout-overlay__inner .uagb-image-separator{width:30%;border-top-width:2px;border-top-color:#fff;border-top-style:solid;margin-bottom:10px;opacity:0;transition:transform 0.4s, opacity 0.4s ease-in-out;transform:translate3d(0, 30px, 0)}.wp-block-uagb-image--layout-overlay__inner .uagb-image-caption{opacity:0;overflow:visible;color:#fff;transition:transform 0.45s, opacity 0.45s ease-in-out;transform:translate3d(0, 35px, 0)}.wp-block-uagb-image--layout-overlay__inner:hover .uagb-image-heading,.wp-block-uagb-image--layout-overlay__inner:hover .uagb-image-separator,.wp-block-uagb-image--layout-overlay__inner:hover .uagb-image-caption{opacity:1;transform:translate3d(0, 0, 0)}.wp-block-uagb-image--effect-zoomin .wp-block-uagb-image__figure img,.wp-block-uagb-image--effect-zoomin .wp-block-uagb-image__figure .wp-block-uagb-image--layout-overlay__color-wrapper{transform:scale(1);transition:transform 0.35s ease-in-out}.wp-block-uagb-image--effect-zoomin .wp-block-uagb-image__figure:hover img,.wp-block-uagb-image--effect-zoomin .wp-block-uagb-image__figure:hover .wp-block-uagb-image--layout-overlay__color-wrapper{transform:scale(1.05)}.wp-block-uagb-image--effect-slide .wp-block-uagb-image__figure img,.wp-block-uagb-image--effect-slide .wp-block-uagb-image__figure .wp-block-uagb-image--layout-overlay__color-wrapper{width:calc(100% + 40px) !important;max-width:none !important;transform:translate3d(-40px, 0, 0);transition:transform 0.35s ease-in-out}.wp-block-uagb-image--effect-slide .wp-block-uagb-image__figure:hover img,.wp-block-uagb-image--effect-slide .wp-block-uagb-image__figure:hover .wp-block-uagb-image--layout-overlay__color-wrapper{transform:translate3d(0, 0, 0)}.wp-block-uagb-image--effect-grayscale img{filter:grayscale(0%);transition:0.35s ease-in-out}.wp-block-uagb-image--effect-grayscale:hover img{filter:grayscale(100%)}.wp-block-uagb-image--effect-blur img{filter:blur(0);transition:0.35s ease-in-out}.wp-block-uagb-image--effect-blur:hover img{filter:blur(3px)}\n.uagb-block-465af194.wp-block-uagb-image{text-align: left;justify-content: flex-start;align-self: flex-start;}.uagb-block-465af194 .wp-block-uagb-image__figure{align-items: flex-start;}.uagb-block-465af194.wp-block-uagb-image--layout-default figure img{box-shadow: 0px 0px 0 #00000070;}.uagb-block-465af194.wp-block-uagb-image .wp-block-uagb-image__figure figcaption{font-style: normal;align-self: center;}.uagb-block-465af194.wp-block-uagb-image--layout-overlay figure img{box-shadow: 0px 0px 0 #00000070;}.uagb-block-465af194.wp-block-uagb-image--layout-overlay .wp-block-uagb-image--layout-overlay__color-wrapper{opacity: 0.2;}.uagb-block-465af194.wp-block-uagb-image--layout-overlay .wp-block-uagb-image--layout-overlay__inner{left: 15px;right: 15px;top: 15px;bottom: 15px;}.uagb-block-465af194.wp-block-uagb-image--layout-overlay .wp-block-uagb-image--layout-overlay__inner .uagb-image-heading{font-style: normal;color: #fff;opacity: 1;}.uagb-block-465af194.wp-block-uagb-image--layout-overlay .wp-block-uagb-image--layout-overlay__inner .uagb-image-heading a{color: #fff;}.uagb-block-465af194.wp-block-uagb-image--layout-overlay .wp-block-uagb-image--layout-overlay__inner .uagb-image-caption{opacity: 0;}.uagb-block-465af194.wp-block-uagb-image--layout-overlay .wp-block-uagb-image__figure:hover .wp-block-uagb-image--layout-overlay__color-wrapper{opacity: 1;}.uagb-block-465af194.wp-block-uagb-image .wp-block-uagb-image--layout-overlay__inner .uagb-image-separator{width: 30%;border-top-width: 2px;border-top-color: #fff;opacity: 0;}.uagb-block-465af194.wp-block-uagb-image .wp-block-uagb-image__figure img{width: 80px;height: 80px;}.uagb-block-465af194.wp-block-uagb-image .wp-block-uagb-image__figure:hover .wp-block-uagb-image--layout-overlay__inner .uagb-image-caption{opacity: 1;}.uagb-block-465af194.wp-block-uagb-image .wp-block-uagb-image__figure:hover .wp-block-uagb-image--layout-overlay__inner .uagb-image-separator{opacity: 1;}.uagb-block-465af194.wp-block-uagb-image--layout-default figure:hover img{box-shadow: 0px 0px 0 #00000070;}.uagb-block-465af194.wp-block-uagb-image--layout-overlay figure:hover img{box-shadow: 0px 0px 0 #00000070;}@media only screen and (max-width: 976px) {.uagb-block-465af194.wp-block-uagb-image .wp-block-uagb-image__figure img{width: 80px;height: auto;}}@media only screen and (max-width: 767px) {.uagb-block-465af194.wp-block-uagb-image .wp-block-uagb-image__figure img{width: 80px;height: auto;}}\";s:2:\"js\";s:0:\"\";s:18:\"current_block_list\";a:13:{i:0;s:11:\"core\/search\";i:1;s:10:\"core\/group\";i:2;s:12:\"core\/heading\";i:3;s:17:\"core\/latest-posts\";i:4;s:9:\"core\/html\";i:5;s:14:\"core\/paragraph\";i:6;s:30:\"woocommerce\/product-categories\";i:7;s:14:\"core\/shortcode\";i:8;s:12:\"core\/columns\";i:9;s:11:\"core\/column\";i:11;s:10:\"uagb\/image\";i:12;s:17:\"core\/social-links\";i:13;s:16:\"core\/social-link\";}s:8:\"uag_flag\";b:1;s:11:\"uag_version\";s:10:\"1775811701\";s:6:\"gfonts\";a:0:{}s:10:\"gfonts_url\";s:0:\"\";s:12:\"gfonts_files\";a:0:{}s:14:\"uag_faq_layout\";b:0;}"],"_uag_css_file_name":["uag-css-3541.css"]},"uagb_featured_image_src":{"full":["https:\/\/xpertdiamondtools.com\/wp-content\/uploads\/2025\/06\/125mm-Turbo-Segmented-Concrete-Grinding-Diamond-Cup-Wheel-1.jpg",768,768,false],"thumbnail":["https:\/\/xpertdiamondtools.com\/wp-content\/uploads\/2025\/06\/125mm-Turbo-Segmented-Concrete-Grinding-Diamond-Cup-Wheel-1-150x150.jpg",150,150,true],"medium":["https:\/\/xpertdiamondtools.com\/wp-content\/uploads\/2025\/06\/125mm-Turbo-Segmented-Concrete-Grinding-Diamond-Cup-Wheel-1-300x300.jpg",300,300,true],"medium_large":["https:\/\/xpertdiamondtools.com\/wp-content\/uploads\/2025\/06\/125mm-Turbo-Segmented-Concrete-Grinding-Diamond-Cup-Wheel-1.jpg",768,768,false],"large":["https:\/\/xpertdiamondtools.com\/wp-content\/uploads\/2025\/06\/125mm-Turbo-Segmented-Concrete-Grinding-Diamond-Cup-Wheel-1.jpg",768,768,false],"1536x1536":["https:\/\/xpertdiamondtools.com\/wp-content\/uploads\/2025\/06\/125mm-Turbo-Segmented-Concrete-Grinding-Diamond-Cup-Wheel-1.jpg",768,768,false],"2048x2048":["https:\/\/xpertdiamondtools.com\/wp-content\/uploads\/2025\/06\/125mm-Turbo-Segmented-Concrete-Grinding-Diamond-Cup-Wheel-1.jpg",768,768,false],"trp-custom-language-flag":["https:\/\/xpertdiamondtools.com\/wp-content\/uploads\/2025\/06\/125mm-Turbo-Segmented-Concrete-Grinding-Diamond-Cup-Wheel-1-12x12.jpg",12,12,true],"woocommerce_thumbnail":["https:\/\/xpertdiamondtools.com\/wp-content\/uploads\/2025\/06\/125mm-Turbo-Segmented-Concrete-Grinding-Diamond-Cup-Wheel-1-300x300.jpg",300,300,true],"woocommerce_single":["https:\/\/xpertdiamondtools.com\/wp-content\/uploads\/2025\/06\/125mm-Turbo-Segmented-Concrete-Grinding-Diamond-Cup-Wheel-1.jpg",768,768,false],"woocommerce_gallery_thumbnail":["https:\/\/xpertdiamondtools.com\/wp-content\/uploads\/2025\/06\/125mm-Turbo-Segmented-Concrete-Grinding-Diamond-Cup-Wheel-1-100x100.jpg",100,100,true]},"uagb_author_info":{"display_name":"Xpert Diamond Tools","author_link":"https:\/\/xpertdiamondtools.com\/pt\/author\/"},"uagb_comment_info":0,"uagb_excerpt":"125mm turbo type diamond cup wheel is equipped with 10 segment bars. It delivers aggressive concrete grinding performance. Various of diamond grits and bonding agency are available for different grinding projects. Cup Size: 5 inch (125mm) Segment Type: Bar x 10 pieces Optional Grits:\u00a06#, 10#, 16#, 20#, 25#, 30#, 60#, 80#, 100#, 120#, 180#, 220#&hellip;","_links":{"self":[{"href":"https:\/\/xpertdiamondtools.com\/pt\/wp-json\/wp\/v2\/product\/3541","targetHints":{"allow":["GET"]}}],"collection":[{"href":"https:\/\/xpertdiamondtools.com\/pt\/wp-json\/wp\/v2\/product"}],"about":[{"href":"https:\/\/xpertdiamondtools.com\/pt\/wp-json\/wp\/v2\/types\/product"}],"wp:featuredmedia":[{"embeddable":true,"href":"https:\/\/xpertdiamondtools.com\/pt\/wp-json\/wp\/v2\/media\/3542"}],"wp:attachment":[{"href":"https:\/\/xpertdiamondtools.com\/pt\/wp-json\/wp\/v2\/media?parent=3541"}],"wp:term":[{"taxonomy":"product_brand","embeddable":true,"href":"https:\/\/xpertdiamondtools.com\/pt\/wp-json\/wp\/v2\/product_brand?post=3541"},{"taxonomy":"product_cat","embeddable":true,"href":"https:\/\/xpertdiamondtools.com\/pt\/wp-json\/wp\/v2\/product_cat?post=3541"},{"taxonomy":"product_tag","embeddable":true,"href":"https:\/\/xpertdiamondtools.com\/pt\/wp-json\/wp\/v2\/product_tag?post=3541"}],"curies":[{"name":"wp","href":"https:\/\/api.w.org\/{rel}","templated":true}]}}