{"id":1556,"date":"2025-04-06T13:00:28","date_gmt":"2025-04-06T05:00:28","guid":{"rendered":"https:\/\/xpertdiamondtools.com\/?post_type=product&#038;p=1556"},"modified":"2025-04-24T15:57:30","modified_gmt":"2025-04-24T07:57:30","slug":"150mm-rotary-bush-hammer-plate-with-4-knurling-carbide-rollers","status":"publish","type":"product","link":"https:\/\/xpertdiamondtools.com\/pt\/placa-de-martelo-de-bucha-rotativa-de-150-mm-com-4-rolos-de-carboneto-serrilhados\/","title":{"rendered":"Placa de martelo de bucha rotativa de 150 mm com 4 rolos de carboneto serrilhados"},"content":{"rendered":"<p class=\"\" data-start=\"36\" data-end=\"628\">Esta placa de martelo de bucha rotativa de 150 mm \u00e9 fornecida com 4 rolos de carboneto do tipo serrilhado. \u00c9 ideal para texturar a superf\u00edcie de <strong>pedras macias como o m\u00e1rmore<\/strong> para criar um acabamento bujardado fino. Dois rolos s\u00e3o instalados para dentro e dois rolos s\u00e3o instalados para fora para aumentar a \u00e1rea de retifica\u00e7\u00e3o e otimizar a efici\u00eancia. Tamb\u00e9m \u00e9 poss\u00edvel mont\u00e1-los todos na mesma dire\u00e7\u00e3o. Existem <strong>5 pares de furos de fixa\u00e7\u00e3o<\/strong> na placa, permitindo-lhe ajust\u00e1-la aos seus projectos espec\u00edficos de martelagem de buchas. A liga\u00e7\u00e3o M14 torna-a compat\u00edvel com as rebarbadoras angulares mais utilizadas, tais como Hilti, Bosch, Makita, etc.<\/p>\n<p class=\"\" data-start=\"630\" data-end=\"846\">A excelente qualidade dos rolos serrilhados garante um \u00f3timo desempenho. Pode avaliar facilmente a qualidade dos nossos martelos para buchas diretamente a partir do seu aspeto. Os nossos rolos serrilhados s\u00e3o muito mais leves e mais angulosos.<\/p>\n<p class=\"\" data-start=\"848\" data-end=\"1258\">Desenvolvemos uma s\u00e9rie de placas de martelo de bucha de 150 mm para utiliza\u00e7\u00e3o em rebarbadoras angulares: <strong>tipo de ponta, tipo de engrenagem e tipo de serrilha<\/strong>para criar diferentes tipos de perfis bujardados. Cada placa de martelo de bucha \u00e9 totalmente protegida numa caixa r\u00edgida cheia de espuma. Para al\u00e9m da placa de martelo de bucha completa, tamb\u00e9m fornecemos <strong>rolos de metal duro substitu\u00edveis<\/strong>. Para poupar nos custos, pode comprar alguns rolos de substitui\u00e7\u00e3o.<\/p>\n<p class=\"\" data-start=\"1260\" data-end=\"1629\">Para al\u00e9m da placa de martelo de casquilho e dos rolos de carboneto substitu\u00edveis, tamb\u00e9m oferecemos <strong>duas coberturas de a\u00e7o diferentes<\/strong> para ajudar a proteger os operadores durante o martelamento com bucha. Uma fornece prote\u00e7\u00e3o geral e a outra tem um cubo para ligar a um aspirador para recolha de poeiras. Tenha em aten\u00e7\u00e3o que as coberturas foram concebidas para modelos espec\u00edficos de <strong>Bosch<\/strong>(GPO 12 CE) ou <strong>Makita<\/strong>(9237CB) rebarbadoras angulares.<\/p>\n<ul>\n<li data-start=\"1631\" data-end=\"1794\">Se precisar da nossa cobertura de a\u00e7o, confirme connosco a marca e o modelo da sua rebarbadora. Poder\u00e1 ser necess\u00e1rio personalizar a liga\u00e7\u00e3o para se adaptar \u00e0 sua rebarbadora espec\u00edfica.<\/li>\n<li data-start=\"1796\" data-end=\"1943\">Tamb\u00e9m fornecemos um pacote completo para martelos de bucha para rebarbadoras angulares, incluindo a placa do martelo de bucha, a cobertura de a\u00e7o e a rebarbadora angular Bosch ou Makita.<\/li>\n<li data-start=\"1945\" data-end=\"2222\">Por \u00faltimo, pode optar por fabricar a cobertura de a\u00e7o localmente em vez de a comprar diretamente a n\u00f3s. Embora n\u00e3o o recomendemos, uma vez que a nossa cobertura de a\u00e7o foi actualizada atrav\u00e9s de v\u00e1rias vers\u00f5es e se adapta melhor, \u00e9 poss\u00edvel se tiver um local para personalizar a cobertura de a\u00e7o.<\/li>\n<\/ul>","protected":false},"excerpt":{"rendered":"<p>Placa de martelo de bucha de 150 mm com liga\u00e7\u00e3o M14, para criar um acabamento decorativo de bucha fina na superf\u00edcie de pedras macias como o m\u00e1rmore. Compat\u00edvel com rebarbadoras angulares comuns. A \u00e1rea de lixagem pode ser ajustada.<\/p>\n<ul>\n<li><strong>Tipo:<\/strong>\u00a0Placa de camada \u00fanica<\/li>\n<li><strong>Tamanho da placa:<\/strong> 150 mm<\/li>\n<li><strong>Rolo de carboneto:<\/strong> Tipo serrilhado x 4 pe\u00e7as<\/li>\n<li><strong>M\u00e1quinas adequadas:<\/strong> Rebarbadoras angulares<\/li>\n<li><strong>Peso l\u00edquido:<\/strong> 2,40 kg<\/li>\n<\/ul>","protected":false},"featured_media":1561,"template":"","meta":{"_uag_custom_page_level_css":"","site-sidebar-layout":"default","site-content-layout":"","ast-site-content-layout":"default","site-content-style":"default","site-sidebar-style":"default","ast-global-header-display":"","ast-banner-title-visibility":"","ast-main-header-display":"","ast-hfb-above-header-display":"","ast-hfb-below-header-display":"","ast-hfb-mobile-header-display":"","site-post-title":"","ast-breadcrumbs-content":"","ast-featured-img":"","footer-sml-layout":"","theme-transparent-header-meta":"default","adv-header-id-meta":"","stick-header-meta":"","header-above-stick-meta":"","header-main-stick-meta":"","header-below-stick-meta":"","astra-migrate-meta-layouts":"set","ast-page-background-enabled":"default","ast-page-background-meta":{"desktop":{"background-color":"var(--ast-global-color-5)","background-image":"","background-repeat":"repeat","background-position":"center center","background-size":"auto","background-attachment":"scroll","background-type":"","background-media":"","overlay-type":"","overlay-color":"","overlay-opacity":"","overlay-gradient":""},"tablet":{"background-color":"","background-image":"","background-repeat":"repeat","background-position":"center center","background-size":"auto","background-attachment":"scroll","background-type":"","background-media":"","overlay-type":"","overlay-color":"","overlay-opacity":"","overlay-gradient":""},"mobile":{"background-color":"","background-image":"","background-repeat":"repeat","background-position":"center center","background-size":"auto","background-attachment":"scroll","background-type":"","background-media":"","overlay-type":"","overlay-color":"","overlay-opacity":"","overlay-gradient":""}},"ast-content-background-meta":{"desktop":{"background-color":"var(--ast-global-color-4)","background-image":"","background-repeat":"repeat","background-position":"center center","background-size":"auto","background-attachment":"scroll","background-type":"","background-media":"","overlay-type":"","overlay-color":"","overlay-opacity":"","overlay-gradient":""},"tablet":{"background-color":"var(--ast-global-color-4)","background-image":"","background-repeat":"repeat","background-position":"center center","background-size":"auto","background-attachment":"scroll","background-type":"","background-media":"","overlay-type":"","overlay-color":"","overlay-opacity":"","overlay-gradient":""},"mobile":{"background-color":"var(--ast-global-color-4)","background-image":"","background-repeat":"repeat","background-position":"center center","background-size":"auto","background-attachment":"scroll","background-type":"","background-media":"","overlay-type":"","overlay-color":"","overlay-opacity":"","overlay-gradient":""}}},"product_brand":[61],"product_cat":[22,74],"product_tag":[126,242,127],"class_list":{"0":"post-1556","1":"product","2":"type-product","3":"status-publish","4":"has-post-thumbnail","6":"product_brand-xpert-diamond-tools","7":"product_cat-diamond-bush-hammers","8":"product_cat-bush-hammer-plates","9":"product_tag-bush-hammer-plate","10":"product_tag-bush-hammer-tools","11":"product_tag-rotary-bush-hammer","12":"desktop-align-center","13":"tablet-align-left","14":"mobile-align-left","16":"first","17":"instock","18":"shipping-taxable","19":"purchasable","20":"product-type-simple"},"spectra_custom_meta":{"_edit_last":["1"],"_edit_lock":["1745481320:1"],"rank_math_seo_score":["8"],"_thumbnail_id":["1561"],"total_sales":["0"],"_tax_status":["taxable"],"_tax_class":[""],"_manage_stock":["no"],"_backorders":["no"],"_sold_individually":["no"],"_virtual":["no"],"_downloadable":["no"],"_download_limit":["-1"],"_download_expiry":["-1"],"_stock":[null],"_stock_status":["instock"],"_wc_average_rating":["0"],"_wc_review_count":["0"],"_product_version":["9.7.1"],"_product_image_gallery":["1557,1559,1560"],"rank_math_primary_product_brand":["61"],"rank_math_primary_product_cat":["22"],"site-sidebar-layout":["default"],"ast-site-content-layout":["default"],"site-content-style":["default"],"site-sidebar-style":["default"],"theme-transparent-header-meta":["default"],"_regular_price":["0"],"_price":["0"],"rank_math_analytic_object_id":["74"],"astra-migrate-meta-layouts":["set"],"_uag_page_assets":["a:9:{s:3:\"css\";s:7084:\".wp-block-uagb-image{display:flex}.wp-block-uagb-image__figure{position:relative;display:flex;flex-direction:column;max-width:100%;height:auto;margin:0}.wp-block-uagb-image__figure img{height:auto;display:flex;max-width:100%;transition:box-shadow 0.2s ease}.wp-block-uagb-image__figure>a{display:inline-block}.wp-block-uagb-image__figure figcaption{text-align:center;margin-top:0.5em;margin-bottom:1em}.wp-block-uagb-image .components-placeholder.block-editor-media-placeholder .components-placeholder__instructions{align-self:center}.wp-block-uagb-image--align-left{text-align:left}.wp-block-uagb-image--align-right{text-align:right}.wp-block-uagb-image--align-center{text-align:center}.wp-block-uagb-image--align-full .wp-block-uagb-image__figure{margin-left:calc(50% - 50vw);margin-right:calc(50% - 50vw);max-width:100vw;width:100vw;height:auto}.wp-block-uagb-image--align-full .wp-block-uagb-image__figure img{height:auto;width:100% !important}.wp-block-uagb-image--align-wide .wp-block-uagb-image__figure img{height:auto;width:100%}.wp-block-uagb-image--layout-overlay__color-wrapper{position:absolute;left:0;top:0;right:0;bottom:0;opacity:0.2;background:rgba(0,0,0,0.5);transition:opacity 0.35s ease-in-out}.wp-block-uagb-image--layout-overlay-link{position:absolute;left:0;right:0;bottom:0;top:0}.wp-block-uagb-image--layout-overlay .wp-block-uagb-image__figure:hover .wp-block-uagb-image--layout-overlay__color-wrapper{opacity:1}.wp-block-uagb-image--layout-overlay__inner{position:absolute;left:15px;right:15px;bottom:15px;top:15px;display:flex;align-items:center;justify-content:center;flex-direction:column;border-color:#fff;transition:0.35s ease-in-out}.wp-block-uagb-image--layout-overlay__inner.top-left,.wp-block-uagb-image--layout-overlay__inner.top-center,.wp-block-uagb-image--layout-overlay__inner.top-right{justify-content:flex-start}.wp-block-uagb-image--layout-overlay__inner.bottom-left,.wp-block-uagb-image--layout-overlay__inner.bottom-center,.wp-block-uagb-image--layout-overlay__inner.bottom-right{justify-content:flex-end}.wp-block-uagb-image--layout-overlay__inner.top-left,.wp-block-uagb-image--layout-overlay__inner.center-left,.wp-block-uagb-image--layout-overlay__inner.bottom-left{align-items:flex-start}.wp-block-uagb-image--layout-overlay__inner.top-right,.wp-block-uagb-image--layout-overlay__inner.center-right,.wp-block-uagb-image--layout-overlay__inner.bottom-right{align-items:flex-end}.wp-block-uagb-image--layout-overlay__inner .uagb-image-heading{color:#fff;transition:transform 0.35s, opacity 0.35s ease-in-out;transform:translate3d(0, 24px, 0);margin:0;line-height:1em}.wp-block-uagb-image--layout-overlay__inner .uagb-image-separator{width:30%;border-top-width:2px;border-top-color:#fff;border-top-style:solid;margin-bottom:10px;opacity:0;transition:transform 0.4s, opacity 0.4s ease-in-out;transform:translate3d(0, 30px, 0)}.wp-block-uagb-image--layout-overlay__inner .uagb-image-caption{opacity:0;overflow:visible;color:#fff;transition:transform 0.45s, opacity 0.45s ease-in-out;transform:translate3d(0, 35px, 0)}.wp-block-uagb-image--layout-overlay__inner:hover .uagb-image-heading,.wp-block-uagb-image--layout-overlay__inner:hover .uagb-image-separator,.wp-block-uagb-image--layout-overlay__inner:hover .uagb-image-caption{opacity:1;transform:translate3d(0, 0, 0)}.wp-block-uagb-image--effect-zoomin .wp-block-uagb-image__figure img,.wp-block-uagb-image--effect-zoomin .wp-block-uagb-image__figure .wp-block-uagb-image--layout-overlay__color-wrapper{transform:scale(1);transition:transform 0.35s ease-in-out}.wp-block-uagb-image--effect-zoomin .wp-block-uagb-image__figure:hover img,.wp-block-uagb-image--effect-zoomin .wp-block-uagb-image__figure:hover .wp-block-uagb-image--layout-overlay__color-wrapper{transform:scale(1.05)}.wp-block-uagb-image--effect-slide .wp-block-uagb-image__figure img,.wp-block-uagb-image--effect-slide .wp-block-uagb-image__figure .wp-block-uagb-image--layout-overlay__color-wrapper{width:calc(100% + 40px) !important;max-width:none !important;transform:translate3d(-40px, 0, 0);transition:transform 0.35s ease-in-out}.wp-block-uagb-image--effect-slide .wp-block-uagb-image__figure:hover img,.wp-block-uagb-image--effect-slide .wp-block-uagb-image__figure:hover .wp-block-uagb-image--layout-overlay__color-wrapper{transform:translate3d(0, 0, 0)}.wp-block-uagb-image--effect-grayscale img{filter:grayscale(0%);transition:0.35s ease-in-out}.wp-block-uagb-image--effect-grayscale:hover img{filter:grayscale(100%)}.wp-block-uagb-image--effect-blur img{filter:blur(0);transition:0.35s ease-in-out}.wp-block-uagb-image--effect-blur:hover img{filter:blur(3px)}\n.uagb-block-465af194.wp-block-uagb-image{text-align: left;justify-content: flex-start;align-self: flex-start;}.uagb-block-465af194 .wp-block-uagb-image__figure{align-items: flex-start;}.uagb-block-465af194.wp-block-uagb-image--layout-default figure img{box-shadow: 0px 0px 0 #00000070;}.uagb-block-465af194.wp-block-uagb-image .wp-block-uagb-image__figure figcaption{font-style: normal;align-self: center;}.uagb-block-465af194.wp-block-uagb-image--layout-overlay figure img{box-shadow: 0px 0px 0 #00000070;}.uagb-block-465af194.wp-block-uagb-image--layout-overlay .wp-block-uagb-image--layout-overlay__color-wrapper{opacity: 0.2;}.uagb-block-465af194.wp-block-uagb-image--layout-overlay .wp-block-uagb-image--layout-overlay__inner{left: 15px;right: 15px;top: 15px;bottom: 15px;}.uagb-block-465af194.wp-block-uagb-image--layout-overlay .wp-block-uagb-image--layout-overlay__inner .uagb-image-heading{font-style: normal;color: #fff;opacity: 1;}.uagb-block-465af194.wp-block-uagb-image--layout-overlay .wp-block-uagb-image--layout-overlay__inner .uagb-image-heading a{color: #fff;}.uagb-block-465af194.wp-block-uagb-image--layout-overlay .wp-block-uagb-image--layout-overlay__inner .uagb-image-caption{opacity: 0;}.uagb-block-465af194.wp-block-uagb-image--layout-overlay .wp-block-uagb-image__figure:hover .wp-block-uagb-image--layout-overlay__color-wrapper{opacity: 1;}.uagb-block-465af194.wp-block-uagb-image .wp-block-uagb-image--layout-overlay__inner .uagb-image-separator{width: 30%;border-top-width: 2px;border-top-color: #fff;opacity: 0;}.uagb-block-465af194.wp-block-uagb-image .wp-block-uagb-image__figure img{width: 80px;height: 80px;}.uagb-block-465af194.wp-block-uagb-image .wp-block-uagb-image__figure:hover .wp-block-uagb-image--layout-overlay__inner .uagb-image-caption{opacity: 1;}.uagb-block-465af194.wp-block-uagb-image .wp-block-uagb-image__figure:hover .wp-block-uagb-image--layout-overlay__inner .uagb-image-separator{opacity: 1;}.uagb-block-465af194.wp-block-uagb-image--layout-default figure:hover img{box-shadow: 0px 0px 0 #00000070;}.uagb-block-465af194.wp-block-uagb-image--layout-overlay figure:hover img{box-shadow: 0px 0px 0 #00000070;}@media only screen and (max-width: 976px) {.uagb-block-465af194.wp-block-uagb-image .wp-block-uagb-image__figure img{width: 80px;height: auto;}}@media only screen and (max-width: 767px) {.uagb-block-465af194.wp-block-uagb-image .wp-block-uagb-image__figure img{width: 80px;height: auto;}}\";s:2:\"js\";s:0:\"\";s:18:\"current_block_list\";a:13:{i:0;s:11:\"core\/search\";i:1;s:10:\"core\/group\";i:2;s:12:\"core\/heading\";i:3;s:17:\"core\/latest-posts\";i:4;s:9:\"core\/html\";i:5;s:14:\"core\/paragraph\";i:6;s:30:\"woocommerce\/product-categories\";i:7;s:14:\"core\/shortcode\";i:8;s:12:\"core\/columns\";i:9;s:11:\"core\/column\";i:11;s:10:\"uagb\/image\";i:12;s:17:\"core\/social-links\";i:13;s:16:\"core\/social-link\";}s:8:\"uag_flag\";b:1;s:11:\"uag_version\";s:10:\"1775811701\";s:6:\"gfonts\";a:0:{}s:10:\"gfonts_url\";s:0:\"\";s:12:\"gfonts_files\";a:0:{}s:14:\"uag_faq_layout\";b:0;}"],"_uag_css_file_name":["uag-css-1556.css"]},"uagb_featured_image_src":{"full":["https:\/\/xpertdiamondtools.com\/wp-content\/uploads\/2025\/04\/150mm-Rotary-Bush-Hammer-Plate-with-4-Knurling-Carbide-Rollers.jpg",768,768,false],"thumbnail":["https:\/\/xpertdiamondtools.com\/wp-content\/uploads\/2025\/04\/150mm-Rotary-Bush-Hammer-Plate-with-4-Knurling-Carbide-Rollers-150x150.jpg",150,150,true],"medium":["https:\/\/xpertdiamondtools.com\/wp-content\/uploads\/2025\/04\/150mm-Rotary-Bush-Hammer-Plate-with-4-Knurling-Carbide-Rollers-300x300.jpg",300,300,true],"medium_large":["https:\/\/xpertdiamondtools.com\/wp-content\/uploads\/2025\/04\/150mm-Rotary-Bush-Hammer-Plate-with-4-Knurling-Carbide-Rollers.jpg",768,768,false],"large":["https:\/\/xpertdiamondtools.com\/wp-content\/uploads\/2025\/04\/150mm-Rotary-Bush-Hammer-Plate-with-4-Knurling-Carbide-Rollers.jpg",768,768,false],"1536x1536":["https:\/\/xpertdiamondtools.com\/wp-content\/uploads\/2025\/04\/150mm-Rotary-Bush-Hammer-Plate-with-4-Knurling-Carbide-Rollers.jpg",768,768,false],"2048x2048":["https:\/\/xpertdiamondtools.com\/wp-content\/uploads\/2025\/04\/150mm-Rotary-Bush-Hammer-Plate-with-4-Knurling-Carbide-Rollers.jpg",768,768,false],"trp-custom-language-flag":["https:\/\/xpertdiamondtools.com\/wp-content\/uploads\/2025\/04\/150mm-Rotary-Bush-Hammer-Plate-with-4-Knurling-Carbide-Rollers.jpg",12,12,false],"woocommerce_thumbnail":["https:\/\/xpertdiamondtools.com\/wp-content\/uploads\/2025\/04\/150mm-Rotary-Bush-Hammer-Plate-with-4-Knurling-Carbide-Rollers-300x300.jpg",300,300,true],"woocommerce_single":["https:\/\/xpertdiamondtools.com\/wp-content\/uploads\/2025\/04\/150mm-Rotary-Bush-Hammer-Plate-with-4-Knurling-Carbide-Rollers.jpg",768,768,false],"woocommerce_gallery_thumbnail":["https:\/\/xpertdiamondtools.com\/wp-content\/uploads\/2025\/04\/150mm-Rotary-Bush-Hammer-Plate-with-4-Knurling-Carbide-Rollers-100x100.jpg",100,100,true]},"uagb_author_info":{"display_name":"Xpert Diamond Tools","author_link":"https:\/\/xpertdiamondtools.com\/pt\/author\/"},"uagb_comment_info":0,"uagb_excerpt":"150mm knurling-type bush hammer plate with M14 connection, for creating a decorative fine bush-hammered finish on the surface of soft stones like marble. Compatible with common angle grinders. The grinding area can be adjusted. Type:\u00a0Single-layer plate Plate Size: 150mm Carbide Roller: Knurling type x 4 pieces Suitable Machines: Angle Grinders Net Weight: 2.40kg","_links":{"self":[{"href":"https:\/\/xpertdiamondtools.com\/pt\/wp-json\/wp\/v2\/product\/1556","targetHints":{"allow":["GET"]}}],"collection":[{"href":"https:\/\/xpertdiamondtools.com\/pt\/wp-json\/wp\/v2\/product"}],"about":[{"href":"https:\/\/xpertdiamondtools.com\/pt\/wp-json\/wp\/v2\/types\/product"}],"wp:featuredmedia":[{"embeddable":true,"href":"https:\/\/xpertdiamondtools.com\/pt\/wp-json\/wp\/v2\/media\/1561"}],"wp:attachment":[{"href":"https:\/\/xpertdiamondtools.com\/pt\/wp-json\/wp\/v2\/media?parent=1556"}],"wp:term":[{"taxonomy":"product_brand","embeddable":true,"href":"https:\/\/xpertdiamondtools.com\/pt\/wp-json\/wp\/v2\/product_brand?post=1556"},{"taxonomy":"product_cat","embeddable":true,"href":"https:\/\/xpertdiamondtools.com\/pt\/wp-json\/wp\/v2\/product_cat?post=1556"},{"taxonomy":"product_tag","embeddable":true,"href":"https:\/\/xpertdiamondtools.com\/pt\/wp-json\/wp\/v2\/product_tag?post=1556"}],"curies":[{"name":"wp","href":"https:\/\/api.w.org\/{rel}","templated":true}]}}