{"id":1518,"date":"2025-04-11T08:32:55","date_gmt":"2025-04-11T00:32:55","guid":{"rendered":"https:\/\/xpertdiamondtools.com\/?post_type=product&#038;p=1518"},"modified":"2025-05-19T09:34:16","modified_gmt":"2025-05-19T01:34:16","slug":"htc-pcd-scraper-diamond-tooling-with-3-carbide-tips","status":"publish","type":"product","link":"https:\/\/xpertdiamondtools.com\/pt\/raspador-htc-pcd-ferramenta-diamantada-com-3-pontas-de-carboneto\/","title":{"rendered":"Raspador HTC PCD Ferramenta diamantada com 3 pontas de metal duro"},"content":{"rendered":"<p class=\"\" data-start=\"41\" data-end=\"446\">Este disco de lixa de diamante HTC possui dois PCDs de um quarto de volta e tr\u00eas pontas de carboneto. \u00c9 ideal para remover rapidamente todos os tipos de revestimentos de pavimentos, incluindo <strong>ep\u00f3xi, cola, tinta, m\u00e1stique,<\/strong> e muito mais. As tr\u00eas pontas de carboneto ajudam a cortar revestimentos espessos e aumentam a nitidez da ferramenta. Adicionamos uma base quadrada de a\u00e7o para soldar os PCDs e os carbonetos, garantindo <strong>forte resist\u00eancia \u00e0 soldadura<\/strong> e maior estabilidade.<\/p>\n<p class=\"\" data-start=\"448\" data-end=\"675\">Como fabricante inovador de ferramentas diamantadas, produzimos uma vasta gama de <strong>Sapatos de retifica\u00e7\u00e3o de diamante HTC<\/strong> para clientes em todo o mundo, ajudando-os a desenvolver ferramentas \u00fanicas e a promover as suas marcas. Est\u00e3o dispon\u00edveis excelentes servi\u00e7os OEM\/ODM.<\/p>","protected":false},"excerpt":{"rendered":"<p class=\"\" data-start=\"41\" data-end=\"223\">Sapatas de lixa PCD HTC com pontas de carboneto, para remo\u00e7\u00e3o r\u00e1pida de revestimentos de pavimentos. \u00c9 utilizada uma base de a\u00e7o extra para a soldadura, o que aumenta a resist\u00eancia da soldadura e melhora a estabilidade.<\/p>\n<ul>\n<li><strong>Tipos de PCD:<\/strong> Meia volta x 2 pe\u00e7as<\/li>\n<li><strong>Tipos de metal duro:<\/strong> Pontas de metal duro<\/li>\n<li><strong>M\u00e1quinas adequadas:<\/strong>\u00a0HTC, Husqvarna (com sistema EZ)<\/li>\n<li><strong>Peso l\u00edquido:<\/strong> 0,22 kg<\/li>\n<\/ul>","protected":false},"featured_media":1520,"template":"","meta":{"_uag_custom_page_level_css":"","site-sidebar-layout":"default","site-content-layout":"","ast-site-content-layout":"default","site-content-style":"default","site-sidebar-style":"default","ast-global-header-display":"","ast-banner-title-visibility":"","ast-main-header-display":"","ast-hfb-above-header-display":"","ast-hfb-below-header-display":"","ast-hfb-mobile-header-display":"","site-post-title":"","ast-breadcrumbs-content":"","ast-featured-img":"","footer-sml-layout":"","theme-transparent-header-meta":"default","adv-header-id-meta":"","stick-header-meta":"","header-above-stick-meta":"","header-main-stick-meta":"","header-below-stick-meta":"","astra-migrate-meta-layouts":"set","ast-page-background-enabled":"default","ast-page-background-meta":{"desktop":{"background-color":"var(--ast-global-color-5)","background-image":"","background-repeat":"repeat","background-position":"center center","background-size":"auto","background-attachment":"scroll","background-type":"","background-media":"","overlay-type":"","overlay-color":"","overlay-opacity":"","overlay-gradient":""},"tablet":{"background-color":"","background-image":"","background-repeat":"repeat","background-position":"center center","background-size":"auto","background-attachment":"scroll","background-type":"","background-media":"","overlay-type":"","overlay-color":"","overlay-opacity":"","overlay-gradient":""},"mobile":{"background-color":"","background-image":"","background-repeat":"repeat","background-position":"center center","background-size":"auto","background-attachment":"scroll","background-type":"","background-media":"","overlay-type":"","overlay-color":"","overlay-opacity":"","overlay-gradient":""}},"ast-content-background-meta":{"desktop":{"background-color":"var(--ast-global-color-4)","background-image":"","background-repeat":"repeat","background-position":"center center","background-size":"auto","background-attachment":"scroll","background-type":"","background-media":"","overlay-type":"","overlay-color":"","overlay-opacity":"","overlay-gradient":""},"tablet":{"background-color":"var(--ast-global-color-4)","background-image":"","background-repeat":"repeat","background-position":"center center","background-size":"auto","background-attachment":"scroll","background-type":"","background-media":"","overlay-type":"","overlay-color":"","overlay-opacity":"","overlay-gradient":""},"mobile":{"background-color":"var(--ast-global-color-4)","background-image":"","background-repeat":"repeat","background-position":"center center","background-size":"auto","background-attachment":"scroll","background-type":"","background-media":"","overlay-type":"","overlay-color":"","overlay-opacity":"","overlay-gradient":""}}},"product_brand":[61],"product_cat":[25,268,269,41],"product_tag":[63,230,122],"class_list":{"0":"post-1518","1":"product","2":"type-product","3":"status-publish","4":"has-post-thumbnail","6":"product_brand-xpert-diamond-tools","7":"product_cat-diamond-grinding-shoes","8":"product_cat-diamond-tools-by-floor-grinders","9":"product_cat-htc-diamond-tooling","10":"product_cat-pcd-grinding-shoes","11":"product_tag-htc-diamond-tooling","12":"product_tag-htc-pcd-grinding-shoes","13":"product_tag-htc-pcd-scraper","14":"desktop-align-center","15":"tablet-align-left","16":"mobile-align-left","18":"first","19":"instock","20":"shipping-taxable","21":"purchasable","22":"product-type-simple"},"spectra_custom_meta":{"_edit_last":["1"],"_edit_lock":["1747618456:1"],"rank_math_seo_score":["8"],"_thumbnail_id":["1520"],"_regular_price":["0"],"total_sales":["0"],"_tax_status":["taxable"],"_tax_class":[""],"_manage_stock":["no"],"_backorders":["no"],"_sold_individually":["no"],"_virtual":["no"],"_downloadable":["no"],"_download_limit":["-1"],"_download_expiry":["-1"],"_stock":[null],"_stock_status":["instock"],"_wc_average_rating":["0"],"_wc_review_count":["0"],"_product_version":["9.7.1"],"_price":["0"],"_product_image_gallery":["1519"],"rank_math_primary_product_brand":["61"],"rank_math_primary_product_cat":["25"],"site-sidebar-layout":["default"],"ast-site-content-layout":["default"],"site-content-style":["default"],"site-sidebar-style":["default"],"theme-transparent-header-meta":["default"],"astra-migrate-meta-layouts":["set"],"rank_math_analytic_object_id":["99"],"_sku":["PB11"],"_uag_page_assets":["a:9:{s:3:\"css\";s:7347:\".uag-blocks-common-selector{z-index:var(--z-index-desktop) !important}@media (max-width: 976px){.uag-blocks-common-selector{z-index:var(--z-index-tablet) !important}}@media (max-width: 767px){.uag-blocks-common-selector{z-index:var(--z-index-mobile) !important}}\n.wp-block-uagb-image{display:flex}.wp-block-uagb-image__figure{position:relative;display:flex;flex-direction:column;max-width:100%;height:auto;margin:0}.wp-block-uagb-image__figure img{height:auto;display:flex;max-width:100%;transition:box-shadow 0.2s ease}.wp-block-uagb-image__figure>a{display:inline-block}.wp-block-uagb-image__figure figcaption{text-align:center;margin-top:0.5em;margin-bottom:1em}.wp-block-uagb-image .components-placeholder.block-editor-media-placeholder .components-placeholder__instructions{align-self:center}.wp-block-uagb-image--align-left{text-align:left}.wp-block-uagb-image--align-right{text-align:right}.wp-block-uagb-image--align-center{text-align:center}.wp-block-uagb-image--align-full .wp-block-uagb-image__figure{margin-left:calc(50% - 50vw);margin-right:calc(50% - 50vw);max-width:100vw;width:100vw;height:auto}.wp-block-uagb-image--align-full .wp-block-uagb-image__figure img{height:auto;width:100% !important}.wp-block-uagb-image--align-wide .wp-block-uagb-image__figure img{height:auto;width:100%}.wp-block-uagb-image--layout-overlay__color-wrapper{position:absolute;left:0;top:0;right:0;bottom:0;opacity:0.2;background:rgba(0,0,0,0.5);transition:opacity 0.35s ease-in-out}.wp-block-uagb-image--layout-overlay-link{position:absolute;left:0;right:0;bottom:0;top:0}.wp-block-uagb-image--layout-overlay .wp-block-uagb-image__figure:hover .wp-block-uagb-image--layout-overlay__color-wrapper{opacity:1}.wp-block-uagb-image--layout-overlay__inner{position:absolute;left:15px;right:15px;bottom:15px;top:15px;display:flex;align-items:center;justify-content:center;flex-direction:column;border-color:#fff;transition:0.35s ease-in-out}.wp-block-uagb-image--layout-overlay__inner.top-left,.wp-block-uagb-image--layout-overlay__inner.top-center,.wp-block-uagb-image--layout-overlay__inner.top-right{justify-content:flex-start}.wp-block-uagb-image--layout-overlay__inner.bottom-left,.wp-block-uagb-image--layout-overlay__inner.bottom-center,.wp-block-uagb-image--layout-overlay__inner.bottom-right{justify-content:flex-end}.wp-block-uagb-image--layout-overlay__inner.top-left,.wp-block-uagb-image--layout-overlay__inner.center-left,.wp-block-uagb-image--layout-overlay__inner.bottom-left{align-items:flex-start}.wp-block-uagb-image--layout-overlay__inner.top-right,.wp-block-uagb-image--layout-overlay__inner.center-right,.wp-block-uagb-image--layout-overlay__inner.bottom-right{align-items:flex-end}.wp-block-uagb-image--layout-overlay__inner .uagb-image-heading{color:#fff;transition:transform 0.35s, opacity 0.35s ease-in-out;transform:translate3d(0, 24px, 0);margin:0;line-height:1em}.wp-block-uagb-image--layout-overlay__inner .uagb-image-separator{width:30%;border-top-width:2px;border-top-color:#fff;border-top-style:solid;margin-bottom:10px;opacity:0;transition:transform 0.4s, opacity 0.4s ease-in-out;transform:translate3d(0, 30px, 0)}.wp-block-uagb-image--layout-overlay__inner .uagb-image-caption{opacity:0;overflow:visible;color:#fff;transition:transform 0.45s, opacity 0.45s ease-in-out;transform:translate3d(0, 35px, 0)}.wp-block-uagb-image--layout-overlay__inner:hover .uagb-image-heading,.wp-block-uagb-image--layout-overlay__inner:hover .uagb-image-separator,.wp-block-uagb-image--layout-overlay__inner:hover .uagb-image-caption{opacity:1;transform:translate3d(0, 0, 0)}.wp-block-uagb-image--effect-zoomin .wp-block-uagb-image__figure img,.wp-block-uagb-image--effect-zoomin .wp-block-uagb-image__figure .wp-block-uagb-image--layout-overlay__color-wrapper{transform:scale(1);transition:transform 0.35s ease-in-out}.wp-block-uagb-image--effect-zoomin .wp-block-uagb-image__figure:hover img,.wp-block-uagb-image--effect-zoomin .wp-block-uagb-image__figure:hover .wp-block-uagb-image--layout-overlay__color-wrapper{transform:scale(1.05)}.wp-block-uagb-image--effect-slide .wp-block-uagb-image__figure img,.wp-block-uagb-image--effect-slide .wp-block-uagb-image__figure .wp-block-uagb-image--layout-overlay__color-wrapper{width:calc(100% + 40px) !important;max-width:none !important;transform:translate3d(-40px, 0, 0);transition:transform 0.35s ease-in-out}.wp-block-uagb-image--effect-slide .wp-block-uagb-image__figure:hover img,.wp-block-uagb-image--effect-slide .wp-block-uagb-image__figure:hover .wp-block-uagb-image--layout-overlay__color-wrapper{transform:translate3d(0, 0, 0)}.wp-block-uagb-image--effect-grayscale img{filter:grayscale(0%);transition:0.35s ease-in-out}.wp-block-uagb-image--effect-grayscale:hover img{filter:grayscale(100%)}.wp-block-uagb-image--effect-blur img{filter:blur(0);transition:0.35s ease-in-out}.wp-block-uagb-image--effect-blur:hover img{filter:blur(3px)}\n.uagb-block-465af194.wp-block-uagb-image{text-align: left;justify-content: flex-start;align-self: flex-start;}.uagb-block-465af194 .wp-block-uagb-image__figure{align-items: flex-start;}.uagb-block-465af194.wp-block-uagb-image--layout-default figure img{box-shadow: 0px 0px 0 #00000070;}.uagb-block-465af194.wp-block-uagb-image .wp-block-uagb-image__figure figcaption{font-style: normal;align-self: center;}.uagb-block-465af194.wp-block-uagb-image--layout-overlay figure img{box-shadow: 0px 0px 0 #00000070;}.uagb-block-465af194.wp-block-uagb-image--layout-overlay .wp-block-uagb-image--layout-overlay__color-wrapper{opacity: 0.2;}.uagb-block-465af194.wp-block-uagb-image--layout-overlay .wp-block-uagb-image--layout-overlay__inner{left: 15px;right: 15px;top: 15px;bottom: 15px;}.uagb-block-465af194.wp-block-uagb-image--layout-overlay .wp-block-uagb-image--layout-overlay__inner .uagb-image-heading{font-style: normal;color: #fff;opacity: 1;}.uagb-block-465af194.wp-block-uagb-image--layout-overlay .wp-block-uagb-image--layout-overlay__inner .uagb-image-heading a{color: #fff;}.uagb-block-465af194.wp-block-uagb-image--layout-overlay .wp-block-uagb-image--layout-overlay__inner .uagb-image-caption{opacity: 0;}.uagb-block-465af194.wp-block-uagb-image--layout-overlay .wp-block-uagb-image__figure:hover .wp-block-uagb-image--layout-overlay__color-wrapper{opacity: 1;}.uagb-block-465af194.wp-block-uagb-image .wp-block-uagb-image--layout-overlay__inner .uagb-image-separator{width: 30%;border-top-width: 2px;border-top-color: #fff;opacity: 0;}.uagb-block-465af194.wp-block-uagb-image .wp-block-uagb-image__figure img{width: 80px;height: 80px;}.uagb-block-465af194.wp-block-uagb-image .wp-block-uagb-image__figure:hover .wp-block-uagb-image--layout-overlay__inner .uagb-image-caption{opacity: 1;}.uagb-block-465af194.wp-block-uagb-image .wp-block-uagb-image__figure:hover .wp-block-uagb-image--layout-overlay__inner .uagb-image-separator{opacity: 1;}.uagb-block-465af194.wp-block-uagb-image--layout-default figure:hover img{box-shadow: 0px 0px 0 #00000070;}.uagb-block-465af194.wp-block-uagb-image--layout-overlay figure:hover img{box-shadow: 0px 0px 0 #00000070;}@media only screen and (max-width: 976px) {.uagb-block-465af194.wp-block-uagb-image .wp-block-uagb-image__figure img{width: 80px;height: auto;}}@media only screen and (max-width: 767px) {.uagb-block-465af194.wp-block-uagb-image .wp-block-uagb-image__figure img{width: 80px;height: auto;}}\";s:2:\"js\";s:0:\"\";s:18:\"current_block_list\";a:13:{i:0;s:11:\"core\/search\";i:1;s:10:\"core\/group\";i:2;s:12:\"core\/heading\";i:3;s:17:\"core\/latest-posts\";i:4;s:9:\"core\/html\";i:5;s:14:\"core\/paragraph\";i:6;s:30:\"woocommerce\/product-categories\";i:7;s:14:\"core\/shortcode\";i:8;s:12:\"core\/columns\";i:9;s:11:\"core\/column\";i:11;s:10:\"uagb\/image\";i:12;s:17:\"core\/social-links\";i:13;s:16:\"core\/social-link\";}s:8:\"uag_flag\";b:1;s:11:\"uag_version\";s:10:\"1775811701\";s:6:\"gfonts\";a:0:{}s:10:\"gfonts_url\";s:0:\"\";s:12:\"gfonts_files\";a:0:{}s:14:\"uag_faq_layout\";b:0;}"],"_uag_css_file_name":["uag-css-1518.css"]},"uagb_featured_image_src":{"full":["https:\/\/xpertdiamondtools.com\/wp-content\/uploads\/2025\/04\/HTC-PCD-Scraper-Diamond-Tooling-with-3-Carbide-Tips.jpg",768,768,false],"thumbnail":["https:\/\/xpertdiamondtools.com\/wp-content\/uploads\/2025\/04\/HTC-PCD-Scraper-Diamond-Tooling-with-3-Carbide-Tips-150x150.jpg",150,150,true],"medium":["https:\/\/xpertdiamondtools.com\/wp-content\/uploads\/2025\/04\/HTC-PCD-Scraper-Diamond-Tooling-with-3-Carbide-Tips-300x300.jpg",300,300,true],"medium_large":["https:\/\/xpertdiamondtools.com\/wp-content\/uploads\/2025\/04\/HTC-PCD-Scraper-Diamond-Tooling-with-3-Carbide-Tips.jpg",768,768,false],"large":["https:\/\/xpertdiamondtools.com\/wp-content\/uploads\/2025\/04\/HTC-PCD-Scraper-Diamond-Tooling-with-3-Carbide-Tips.jpg",768,768,false],"1536x1536":["https:\/\/xpertdiamondtools.com\/wp-content\/uploads\/2025\/04\/HTC-PCD-Scraper-Diamond-Tooling-with-3-Carbide-Tips.jpg",768,768,false],"2048x2048":["https:\/\/xpertdiamondtools.com\/wp-content\/uploads\/2025\/04\/HTC-PCD-Scraper-Diamond-Tooling-with-3-Carbide-Tips.jpg",768,768,false],"trp-custom-language-flag":["https:\/\/xpertdiamondtools.com\/wp-content\/uploads\/2025\/04\/HTC-PCD-Scraper-Diamond-Tooling-with-3-Carbide-Tips.jpg",12,12,false],"woocommerce_thumbnail":["https:\/\/xpertdiamondtools.com\/wp-content\/uploads\/2025\/04\/HTC-PCD-Scraper-Diamond-Tooling-with-3-Carbide-Tips-300x300.jpg",300,300,true],"woocommerce_single":["https:\/\/xpertdiamondtools.com\/wp-content\/uploads\/2025\/04\/HTC-PCD-Scraper-Diamond-Tooling-with-3-Carbide-Tips.jpg",768,768,false],"woocommerce_gallery_thumbnail":["https:\/\/xpertdiamondtools.com\/wp-content\/uploads\/2025\/04\/HTC-PCD-Scraper-Diamond-Tooling-with-3-Carbide-Tips-100x100.jpg",100,100,true]},"uagb_author_info":{"display_name":"Xpert Diamond Tools","author_link":"https:\/\/xpertdiamondtools.com\/pt\/author\/"},"uagb_comment_info":0,"uagb_excerpt":"PCD HTC grinding shoes with carbide tips, for fast removal of floor coatings. An extra steel base is used for welding, which enhances the welding strength and improves stability. PCD Types: Half round x 2 pieces Carbide Types: Carbide tips Suitable Machines:\u00a0HTC, Husqvarna(with EZ system) Net Weight: 0.22 kg","_links":{"self":[{"href":"https:\/\/xpertdiamondtools.com\/pt\/wp-json\/wp\/v2\/product\/1518","targetHints":{"allow":["GET"]}}],"collection":[{"href":"https:\/\/xpertdiamondtools.com\/pt\/wp-json\/wp\/v2\/product"}],"about":[{"href":"https:\/\/xpertdiamondtools.com\/pt\/wp-json\/wp\/v2\/types\/product"}],"wp:featuredmedia":[{"embeddable":true,"href":"https:\/\/xpertdiamondtools.com\/pt\/wp-json\/wp\/v2\/media\/1520"}],"wp:attachment":[{"href":"https:\/\/xpertdiamondtools.com\/pt\/wp-json\/wp\/v2\/media?parent=1518"}],"wp:term":[{"taxonomy":"product_brand","embeddable":true,"href":"https:\/\/xpertdiamondtools.com\/pt\/wp-json\/wp\/v2\/product_brand?post=1518"},{"taxonomy":"product_cat","embeddable":true,"href":"https:\/\/xpertdiamondtools.com\/pt\/wp-json\/wp\/v2\/product_cat?post=1518"},{"taxonomy":"product_tag","embeddable":true,"href":"https:\/\/xpertdiamondtools.com\/pt\/wp-json\/wp\/v2\/product_tag?post=1518"}],"curies":[{"name":"wp","href":"https:\/\/api.w.org\/{rel}","templated":true}]}}