{"id":3485,"date":"2025-06-16T09:53:57","date_gmt":"2025-06-16T01:53:57","guid":{"rendered":"https:\/\/xpertdiamondtools.com\/?post_type=product&#038;p=3485"},"modified":"2025-06-16T09:53:58","modified_gmt":"2025-06-16T01:53:58","slug":"400mm-arix-segmented-diamond-saw-blade-for-cutting-granite-stone","status":"publish","type":"product","link":"https:\/\/xpertdiamondtools.com\/it\/lama-diamantata-segmentata-arix-da-400-mm-per-il-taglio-della-pietra-di-granito\/","title":{"rendered":"Lama per sega diamantata a segmenti Arix da 400 mm per il taglio di pietre di granito"},"content":{"rendered":"<p>Questa lama diamantata da 400 mm \u00e8 dotata di segmenti Arix di 20 mm di altezza. \u00c8 ideale per il taglio di pietre di granito, con una velocit\u00e0 di taglio elevata e un'alta produttivit\u00e0. I segmenti Arix garantiscono una maggiore velocit\u00e0 di taglio e migliori risultati di taglio. I segmenti di altezza 20 mm allungano la durata della lama. I servizi OEM\/ODM sono altamente supportati da Xpert Diamond Tools. \u00c8 possibile personalizzare le lame diamantate con diversi design dei segmenti, tipi di segmenti, fori di fissaggio, incisione del logo, verniciatura a colori e altro ancora.<\/p>","protected":false},"excerpt":{"rendered":"<p>Lama diamantata a segmenti Arix da 400 mm progettata per il taglio preciso e ad alta velocit\u00e0 della pietra di granito. La tecnologia Arix garantisce una distribuzione uniforme del diamante, per tagli pi\u00f9 rapidi e una maggiore durata della lama.<\/p>\n<ul>\n<li><strong>Dimensione della lama:<\/strong> D400mm<\/li>\n<li><strong>Segmento:<\/strong> Arix<\/li>\n<li><strong>Saldatura:<\/strong> Alta frequenza<\/li>\n<li><strong>Arbor:<\/strong> 50\/60 mm<\/li>\n<li><strong>Peso netto:<\/strong> 3,30 kg<\/li>\n<\/ul>","protected":false},"featured_media":3486,"template":"","meta":{"_uag_custom_page_level_css":"","site-sidebar-layout":"default","site-content-layout":"","ast-site-content-layout":"default","site-content-style":"default","site-sidebar-style":"default","ast-global-header-display":"","ast-banner-title-visibility":"","ast-main-header-display":"","ast-hfb-above-header-display":"","ast-hfb-below-header-display":"","ast-hfb-mobile-header-display":"","site-post-title":"","ast-breadcrumbs-content":"","ast-featured-img":"","footer-sml-layout":"","theme-transparent-header-meta":"default","adv-header-id-meta":"","stick-header-meta":"","header-above-stick-meta":"","header-main-stick-meta":"","header-below-stick-meta":"","astra-migrate-meta-layouts":"set","ast-page-background-enabled":"default","ast-page-background-meta":{"desktop":{"background-color":"var(--ast-global-color-5)","background-image":"","background-repeat":"repeat","background-position":"center center","background-size":"auto","background-attachment":"scroll","background-type":"","background-media":"","overlay-type":"","overlay-color":"","overlay-opacity":"","overlay-gradient":""},"tablet":{"background-color":"","background-image":"","background-repeat":"repeat","background-position":"center center","background-size":"auto","background-attachment":"scroll","background-type":"","background-media":"","overlay-type":"","overlay-color":"","overlay-opacity":"","overlay-gradient":""},"mobile":{"background-color":"","background-image":"","background-repeat":"repeat","background-position":"center center","background-size":"auto","background-attachment":"scroll","background-type":"","background-media":"","overlay-type":"","overlay-color":"","overlay-opacity":"","overlay-gradient":""}},"ast-content-background-meta":{"desktop":{"background-color":"var(--ast-global-color-4)","background-image":"","background-repeat":"repeat","background-position":"center center","background-size":"auto","background-attachment":"scroll","background-type":"","background-media":"","overlay-type":"","overlay-color":"","overlay-opacity":"","overlay-gradient":""},"tablet":{"background-color":"var(--ast-global-color-4)","background-image":"","background-repeat":"repeat","background-position":"center center","background-size":"auto","background-attachment":"scroll","background-type":"","background-media":"","overlay-type":"","overlay-color":"","overlay-opacity":"","overlay-gradient":""},"mobile":{"background-color":"var(--ast-global-color-4)","background-image":"","background-repeat":"repeat","background-position":"center center","background-size":"auto","background-attachment":"scroll","background-type":"","background-media":"","overlay-type":"","overlay-color":"","overlay-opacity":"","overlay-gradient":""}}},"product_brand":[61],"product_cat":[20,33],"product_tag":[495,496,100],"class_list":{"0":"post-3485","1":"product","2":"type-product","3":"status-publish","4":"has-post-thumbnail","6":"product_brand-xpert-diamond-tools","7":"product_cat-diamond-saw-blades","8":"product_cat-granite-cutting-blades","9":"product_tag-16-inch-granite-cutting-blade","10":"product_tag-400mm-diamond-saw-blade","11":"product_tag-granite-cutting-blade","12":"desktop-align-center","13":"tablet-align-left","14":"mobile-align-left","16":"first","17":"instock","18":"shipping-taxable","19":"purchasable","20":"product-type-simple"},"spectra_custom_meta":{"_edit_last":["1"],"_edit_lock":["1750038720:1"],"rank_math_seo_score":["8"],"_thumbnail_id":["3486"],"_regular_price":["0"],"total_sales":["0"],"_tax_status":["taxable"],"_tax_class":[""],"_manage_stock":["no"],"_backorders":["no"],"_sold_individually":["no"],"_virtual":["no"],"_downloadable":["no"],"_download_limit":["-1"],"_download_expiry":["-1"],"_stock":[null],"_stock_status":["instock"],"_wc_average_rating":["0"],"_wc_review_count":["0"],"_product_version":["9.7.1"],"_price":["0"],"_product_image_gallery":["3487,3488"],"rank_math_primary_product_brand":["61"],"rank_math_primary_product_cat":["20"],"site-sidebar-layout":["default"],"ast-site-content-layout":["default"],"site-content-style":["default"],"site-sidebar-style":["default"],"theme-transparent-header-meta":["default"],"astra-migrate-meta-layouts":["set"],"_uag_page_assets":["a:9:{s:3:\"css\";s:7084:\".wp-block-uagb-image{display:flex}.wp-block-uagb-image__figure{position:relative;display:flex;flex-direction:column;max-width:100%;height:auto;margin:0}.wp-block-uagb-image__figure img{height:auto;display:flex;max-width:100%;transition:box-shadow 0.2s ease}.wp-block-uagb-image__figure>a{display:inline-block}.wp-block-uagb-image__figure figcaption{text-align:center;margin-top:0.5em;margin-bottom:1em}.wp-block-uagb-image .components-placeholder.block-editor-media-placeholder .components-placeholder__instructions{align-self:center}.wp-block-uagb-image--align-left{text-align:left}.wp-block-uagb-image--align-right{text-align:right}.wp-block-uagb-image--align-center{text-align:center}.wp-block-uagb-image--align-full .wp-block-uagb-image__figure{margin-left:calc(50% - 50vw);margin-right:calc(50% - 50vw);max-width:100vw;width:100vw;height:auto}.wp-block-uagb-image--align-full .wp-block-uagb-image__figure img{height:auto;width:100% !important}.wp-block-uagb-image--align-wide .wp-block-uagb-image__figure img{height:auto;width:100%}.wp-block-uagb-image--layout-overlay__color-wrapper{position:absolute;left:0;top:0;right:0;bottom:0;opacity:0.2;background:rgba(0,0,0,0.5);transition:opacity 0.35s ease-in-out}.wp-block-uagb-image--layout-overlay-link{position:absolute;left:0;right:0;bottom:0;top:0}.wp-block-uagb-image--layout-overlay .wp-block-uagb-image__figure:hover .wp-block-uagb-image--layout-overlay__color-wrapper{opacity:1}.wp-block-uagb-image--layout-overlay__inner{position:absolute;left:15px;right:15px;bottom:15px;top:15px;display:flex;align-items:center;justify-content:center;flex-direction:column;border-color:#fff;transition:0.35s ease-in-out}.wp-block-uagb-image--layout-overlay__inner.top-left,.wp-block-uagb-image--layout-overlay__inner.top-center,.wp-block-uagb-image--layout-overlay__inner.top-right{justify-content:flex-start}.wp-block-uagb-image--layout-overlay__inner.bottom-left,.wp-block-uagb-image--layout-overlay__inner.bottom-center,.wp-block-uagb-image--layout-overlay__inner.bottom-right{justify-content:flex-end}.wp-block-uagb-image--layout-overlay__inner.top-left,.wp-block-uagb-image--layout-overlay__inner.center-left,.wp-block-uagb-image--layout-overlay__inner.bottom-left{align-items:flex-start}.wp-block-uagb-image--layout-overlay__inner.top-right,.wp-block-uagb-image--layout-overlay__inner.center-right,.wp-block-uagb-image--layout-overlay__inner.bottom-right{align-items:flex-end}.wp-block-uagb-image--layout-overlay__inner .uagb-image-heading{color:#fff;transition:transform 0.35s, opacity 0.35s ease-in-out;transform:translate3d(0, 24px, 0);margin:0;line-height:1em}.wp-block-uagb-image--layout-overlay__inner .uagb-image-separator{width:30%;border-top-width:2px;border-top-color:#fff;border-top-style:solid;margin-bottom:10px;opacity:0;transition:transform 0.4s, opacity 0.4s ease-in-out;transform:translate3d(0, 30px, 0)}.wp-block-uagb-image--layout-overlay__inner .uagb-image-caption{opacity:0;overflow:visible;color:#fff;transition:transform 0.45s, opacity 0.45s ease-in-out;transform:translate3d(0, 35px, 0)}.wp-block-uagb-image--layout-overlay__inner:hover .uagb-image-heading,.wp-block-uagb-image--layout-overlay__inner:hover .uagb-image-separator,.wp-block-uagb-image--layout-overlay__inner:hover .uagb-image-caption{opacity:1;transform:translate3d(0, 0, 0)}.wp-block-uagb-image--effect-zoomin .wp-block-uagb-image__figure img,.wp-block-uagb-image--effect-zoomin .wp-block-uagb-image__figure .wp-block-uagb-image--layout-overlay__color-wrapper{transform:scale(1);transition:transform 0.35s ease-in-out}.wp-block-uagb-image--effect-zoomin .wp-block-uagb-image__figure:hover img,.wp-block-uagb-image--effect-zoomin .wp-block-uagb-image__figure:hover .wp-block-uagb-image--layout-overlay__color-wrapper{transform:scale(1.05)}.wp-block-uagb-image--effect-slide .wp-block-uagb-image__figure img,.wp-block-uagb-image--effect-slide .wp-block-uagb-image__figure .wp-block-uagb-image--layout-overlay__color-wrapper{width:calc(100% + 40px) !important;max-width:none !important;transform:translate3d(-40px, 0, 0);transition:transform 0.35s ease-in-out}.wp-block-uagb-image--effect-slide .wp-block-uagb-image__figure:hover img,.wp-block-uagb-image--effect-slide .wp-block-uagb-image__figure:hover .wp-block-uagb-image--layout-overlay__color-wrapper{transform:translate3d(0, 0, 0)}.wp-block-uagb-image--effect-grayscale img{filter:grayscale(0%);transition:0.35s ease-in-out}.wp-block-uagb-image--effect-grayscale:hover img{filter:grayscale(100%)}.wp-block-uagb-image--effect-blur img{filter:blur(0);transition:0.35s ease-in-out}.wp-block-uagb-image--effect-blur:hover img{filter:blur(3px)}\n.uagb-block-465af194.wp-block-uagb-image{text-align: left;justify-content: flex-start;align-self: flex-start;}.uagb-block-465af194 .wp-block-uagb-image__figure{align-items: flex-start;}.uagb-block-465af194.wp-block-uagb-image--layout-default figure img{box-shadow: 0px 0px 0 #00000070;}.uagb-block-465af194.wp-block-uagb-image .wp-block-uagb-image__figure figcaption{font-style: normal;align-self: center;}.uagb-block-465af194.wp-block-uagb-image--layout-overlay figure img{box-shadow: 0px 0px 0 #00000070;}.uagb-block-465af194.wp-block-uagb-image--layout-overlay .wp-block-uagb-image--layout-overlay__color-wrapper{opacity: 0.2;}.uagb-block-465af194.wp-block-uagb-image--layout-overlay .wp-block-uagb-image--layout-overlay__inner{left: 15px;right: 15px;top: 15px;bottom: 15px;}.uagb-block-465af194.wp-block-uagb-image--layout-overlay .wp-block-uagb-image--layout-overlay__inner .uagb-image-heading{font-style: normal;color: #fff;opacity: 1;}.uagb-block-465af194.wp-block-uagb-image--layout-overlay .wp-block-uagb-image--layout-overlay__inner .uagb-image-heading a{color: #fff;}.uagb-block-465af194.wp-block-uagb-image--layout-overlay .wp-block-uagb-image--layout-overlay__inner .uagb-image-caption{opacity: 0;}.uagb-block-465af194.wp-block-uagb-image--layout-overlay .wp-block-uagb-image__figure:hover .wp-block-uagb-image--layout-overlay__color-wrapper{opacity: 1;}.uagb-block-465af194.wp-block-uagb-image .wp-block-uagb-image--layout-overlay__inner .uagb-image-separator{width: 30%;border-top-width: 2px;border-top-color: #fff;opacity: 0;}.uagb-block-465af194.wp-block-uagb-image .wp-block-uagb-image__figure img{width: 80px;height: 80px;}.uagb-block-465af194.wp-block-uagb-image .wp-block-uagb-image__figure:hover .wp-block-uagb-image--layout-overlay__inner .uagb-image-caption{opacity: 1;}.uagb-block-465af194.wp-block-uagb-image .wp-block-uagb-image__figure:hover .wp-block-uagb-image--layout-overlay__inner .uagb-image-separator{opacity: 1;}.uagb-block-465af194.wp-block-uagb-image--layout-default figure:hover img{box-shadow: 0px 0px 0 #00000070;}.uagb-block-465af194.wp-block-uagb-image--layout-overlay figure:hover img{box-shadow: 0px 0px 0 #00000070;}@media only screen and (max-width: 976px) {.uagb-block-465af194.wp-block-uagb-image .wp-block-uagb-image__figure img{width: 80px;height: auto;}}@media only screen and (max-width: 767px) {.uagb-block-465af194.wp-block-uagb-image .wp-block-uagb-image__figure img{width: 80px;height: auto;}}\";s:2:\"js\";s:0:\"\";s:18:\"current_block_list\";a:13:{i:0;s:11:\"core\/search\";i:1;s:10:\"core\/group\";i:2;s:12:\"core\/heading\";i:3;s:17:\"core\/latest-posts\";i:4;s:9:\"core\/html\";i:5;s:14:\"core\/paragraph\";i:6;s:30:\"woocommerce\/product-categories\";i:7;s:14:\"core\/shortcode\";i:8;s:12:\"core\/columns\";i:9;s:11:\"core\/column\";i:11;s:10:\"uagb\/image\";i:12;s:17:\"core\/social-links\";i:13;s:16:\"core\/social-link\";}s:8:\"uag_flag\";b:1;s:11:\"uag_version\";s:10:\"1775811701\";s:6:\"gfonts\";a:0:{}s:10:\"gfonts_url\";s:0:\"\";s:12:\"gfonts_files\";a:0:{}s:14:\"uag_faq_layout\";b:0;}"],"_uag_css_file_name":["uag-css-3485.css"]},"uagb_featured_image_src":{"full":["https:\/\/xpertdiamondtools.com\/wp-content\/uploads\/2025\/06\/400mm-Arix-Segmented-Diamond-Saw-Blade-for-Cutting-Granite-Stone-1.jpg",768,768,false],"thumbnail":["https:\/\/xpertdiamondtools.com\/wp-content\/uploads\/2025\/06\/400mm-Arix-Segmented-Diamond-Saw-Blade-for-Cutting-Granite-Stone-1-150x150.jpg",150,150,true],"medium":["https:\/\/xpertdiamondtools.com\/wp-content\/uploads\/2025\/06\/400mm-Arix-Segmented-Diamond-Saw-Blade-for-Cutting-Granite-Stone-1-300x300.jpg",300,300,true],"medium_large":["https:\/\/xpertdiamondtools.com\/wp-content\/uploads\/2025\/06\/400mm-Arix-Segmented-Diamond-Saw-Blade-for-Cutting-Granite-Stone-1.jpg",768,768,false],"large":["https:\/\/xpertdiamondtools.com\/wp-content\/uploads\/2025\/06\/400mm-Arix-Segmented-Diamond-Saw-Blade-for-Cutting-Granite-Stone-1.jpg",768,768,false],"1536x1536":["https:\/\/xpertdiamondtools.com\/wp-content\/uploads\/2025\/06\/400mm-Arix-Segmented-Diamond-Saw-Blade-for-Cutting-Granite-Stone-1.jpg",768,768,false],"2048x2048":["https:\/\/xpertdiamondtools.com\/wp-content\/uploads\/2025\/06\/400mm-Arix-Segmented-Diamond-Saw-Blade-for-Cutting-Granite-Stone-1.jpg",768,768,false],"trp-custom-language-flag":["https:\/\/xpertdiamondtools.com\/wp-content\/uploads\/2025\/06\/400mm-Arix-Segmented-Diamond-Saw-Blade-for-Cutting-Granite-Stone-1-12x12.jpg",12,12,true],"woocommerce_thumbnail":["https:\/\/xpertdiamondtools.com\/wp-content\/uploads\/2025\/06\/400mm-Arix-Segmented-Diamond-Saw-Blade-for-Cutting-Granite-Stone-1-300x300.jpg",300,300,true],"woocommerce_single":["https:\/\/xpertdiamondtools.com\/wp-content\/uploads\/2025\/06\/400mm-Arix-Segmented-Diamond-Saw-Blade-for-Cutting-Granite-Stone-1.jpg",768,768,false],"woocommerce_gallery_thumbnail":["https:\/\/xpertdiamondtools.com\/wp-content\/uploads\/2025\/06\/400mm-Arix-Segmented-Diamond-Saw-Blade-for-Cutting-Granite-Stone-1-100x100.jpg",100,100,true]},"uagb_author_info":{"display_name":"Xpert Diamond Tools","author_link":"https:\/\/xpertdiamondtools.com\/it\/author\/"},"uagb_comment_info":0,"uagb_excerpt":"400mm Arix Segmented Diamond Saw Blade designed for high-speed and precise cutting of granite stone. Features Arix technology for even diamond distribution, delivering faster cuts, and longer blade life. Blade Size: D400mm Segment: Arix Welding: High frequency Arbor: 50\/60mm Net Weight: 3.30kg","_links":{"self":[{"href":"https:\/\/xpertdiamondtools.com\/it\/wp-json\/wp\/v2\/product\/3485","targetHints":{"allow":["GET"]}}],"collection":[{"href":"https:\/\/xpertdiamondtools.com\/it\/wp-json\/wp\/v2\/product"}],"about":[{"href":"https:\/\/xpertdiamondtools.com\/it\/wp-json\/wp\/v2\/types\/product"}],"wp:featuredmedia":[{"embeddable":true,"href":"https:\/\/xpertdiamondtools.com\/it\/wp-json\/wp\/v2\/media\/3486"}],"wp:attachment":[{"href":"https:\/\/xpertdiamondtools.com\/it\/wp-json\/wp\/v2\/media?parent=3485"}],"wp:term":[{"taxonomy":"product_brand","embeddable":true,"href":"https:\/\/xpertdiamondtools.com\/it\/wp-json\/wp\/v2\/product_brand?post=3485"},{"taxonomy":"product_cat","embeddable":true,"href":"https:\/\/xpertdiamondtools.com\/it\/wp-json\/wp\/v2\/product_cat?post=3485"},{"taxonomy":"product_tag","embeddable":true,"href":"https:\/\/xpertdiamondtools.com\/it\/wp-json\/wp\/v2\/product_tag?post=3485"}],"curies":[{"name":"wp","href":"https:\/\/api.w.org\/{rel}","templated":true}]}}