{"id":3609,"date":"2025-08-23T15:27:20","date_gmt":"2025-08-23T07:27:20","guid":{"rendered":"https:\/\/xpertdiamondtools.com\/?post_type=product&#038;p=3609"},"modified":"2025-08-23T15:27:21","modified_gmt":"2025-08-23T07:27:21","slug":"80mm-3-inch-triangular-velcro-dry-resin-polishing-pad-for-corners-and-edges","status":"publish","type":"product","link":"https:\/\/xpertdiamondtools.com\/et\/80mm-3-tolline-kolmnurkne-velcro-kuivvaiguga-poleerimislapp-nurkade-ja-servade-lihvimiseks\/","title":{"rendered":"80mm 3-tolline kolmnurkne Velcro Dry Resin Polishing Pad nurkade ja servade jaoks"},"content":{"rendered":"<p data-start=\"66\" data-end=\"321\">The <strong data-start=\"70\" data-end=\"125\">T\u00f6\u00f6stusliku kvaliteediga teemantkolmnurkade kuiv poleerimispadjad<\/strong> on valmistatud k\u00f5rgekvaliteediliste teemantide ja spetsiaalse vaiguliiduga, mis pakub teravat l\u00f5ikamist, suurep\u00e4rast vastupidavust ja kiiret poleerimist ilma pinna p\u00f5letamise, plekistumise v\u00f5i v\u00e4rvimuutuseta.<\/p>\n<p data-start=\"323\" data-end=\"495\"><strong data-start=\"323\" data-end=\"340\">Rakendused:<\/strong><br data-start=\"340\" data-end=\"343\" \/>Ideaalne lihvimiseks, poleerimiseks ja renoveerimiseks <strong data-start=\"389\" data-end=\"431\">marmor, graniit, terrazzo ja paekivi<\/strong>. Sobib nii tasaste pindade kui ka kumerate\/ebaregulaarsete kujude jaoks.<\/p>\n<p data-start=\"497\" data-end=\"563\"><strong data-start=\"497\" data-end=\"517\">Saadaval on riismed: <\/strong>50#, 100#, 200#, 400#, 800#, 1500#, 3000#<\/p>\n<ul>\n<li data-start=\"566\" data-end=\"669\">Alustage j\u00e4meda lihvimise puhul madalama teravusega ja j\u00e4rk-j\u00e4rgult k\u00f5rgema teravusega peenviimistluse jaoks.<\/li>\n<li data-start=\"672\" data-end=\"739\">Parima poleerimistulemuse saavutamiseks v\u00e4ltige teravusastmete vahelej\u00e4tmist.<\/li>\n<li data-start=\"742\" data-end=\"836\">Tugevalt kriimustatud pindade puhul alustage j\u00e4meda padjaga, et s\u00e4\u00e4sta aega ja suurendada t\u00f5husust.<\/li>\n<\/ul>\n<p data-start=\"838\" data-end=\"857\"><strong data-start=\"838\" data-end=\"855\">Peamised omadused:<\/strong><\/p>\n<ul>\n<li data-start=\"860\" data-end=\"993\"><strong data-start=\"860\" data-end=\"882\">Premium materjalid:<\/strong> Valmistatud imporditud teemantlihvimisvahenditest ja spetsiaalsest vaigup\u00f5hisest sideainest, mis tagab pika eluea ja tugeva lihvimisv\u00f5imsuse.<\/li>\n<li data-start=\"860\" data-end=\"993\"><strong data-start=\"996\" data-end=\"1020\">Paindlik ja pehme padi:<\/strong> Saab painutada servade, k\u00f5verate ja keeruliste vormide lihvimiseks, tagades surnud nurkade puudumise ja suure t\u00f5hususe.<\/li>\n<li data-start=\"860\" data-end=\"993\"><strong data-start=\"1128\" data-end=\"1155\">Ohutu ja puhas poleerimine:<\/strong> Ei k\u00f5rveta, plekita ega v\u00e4rvita kivipinda.<\/li>\n<li data-start=\"860\" data-end=\"993\"><strong data-start=\"1210\" data-end=\"1243\">Tugev konks ja lengi tagak\u00fclg:<\/strong> Kvaliteetne nailonist Velcro tagab turvalise kinnituse, takistab padjast eraldumist ja tagab ohutuma kasutamise.<\/li>\n<\/ul>\n<p data-start=\"1357\" data-end=\"1532\">See teemantkolmnurkne kuiv poleerimislapp on ideaalne valik kivide professionaalseks restaureerimiseks ja viimistlemiseks, pakkudes <strong data-start=\"1480\" data-end=\"1529\">teravus, vastupidavus ja kiire l\u00e4ikiv tulemus<\/strong>.<\/p>","protected":false},"excerpt":{"rendered":"<p>T\u00f6\u00f6stusklassi teemantkolmnurkade kuiv poleerimisplaat k\u00f5rgekvaliteedilise vaiguga. Paindlik servade ja kurvide jaoks, konksuga tagak\u00fclg, ei p\u00f5leta ega v\u00e4rvimuutusi. Terad 50#-3000# marmorile, graniidile, terrazzole ja muule.<\/p>\n<ul>\n<li><strong>Teemantit\u00fc\u00fcp:<\/strong> Vaigu side<\/li>\n<li><strong>Valikuline Grits:<\/strong> 50#, 100#, 200#, 400#, 800#, 1500#, 3000#<\/li>\n<li><strong>Serva pikkus:<\/strong> 80mm<\/li>\n<li><strong>Sobiv masin:<\/strong> Nurklihvmasin<\/li>\n<li><strong>Netokaal:<\/strong> 0.02kg<\/li>\n<\/ul>","protected":false},"featured_media":3610,"template":"","meta":{"_uag_custom_page_level_css":"","site-sidebar-layout":"default","site-content-layout":"","ast-site-content-layout":"default","site-content-style":"default","site-sidebar-style":"default","ast-global-header-display":"","ast-banner-title-visibility":"","ast-main-header-display":"","ast-hfb-above-header-display":"","ast-hfb-below-header-display":"","ast-hfb-mobile-header-display":"","site-post-title":"","ast-breadcrumbs-content":"","ast-featured-img":"","footer-sml-layout":"","theme-transparent-header-meta":"default","adv-header-id-meta":"","stick-header-meta":"","header-above-stick-meta":"","header-main-stick-meta":"","header-below-stick-meta":"","astra-migrate-meta-layouts":"set","ast-page-background-enabled":"default","ast-page-background-meta":{"desktop":{"background-color":"var(--ast-global-color-5)","background-image":"","background-repeat":"repeat","background-position":"center center","background-size":"auto","background-attachment":"scroll","background-type":"","background-media":"","overlay-type":"","overlay-color":"","overlay-opacity":"","overlay-gradient":""},"tablet":{"background-color":"","background-image":"","background-repeat":"repeat","background-position":"center center","background-size":"auto","background-attachment":"scroll","background-type":"","background-media":"","overlay-type":"","overlay-color":"","overlay-opacity":"","overlay-gradient":""},"mobile":{"background-color":"","background-image":"","background-repeat":"repeat","background-position":"center center","background-size":"auto","background-attachment":"scroll","background-type":"","background-media":"","overlay-type":"","overlay-color":"","overlay-opacity":"","overlay-gradient":""}},"ast-content-background-meta":{"desktop":{"background-color":"var(--ast-global-color-4)","background-image":"","background-repeat":"repeat","background-position":"center center","background-size":"auto","background-attachment":"scroll","background-type":"","background-media":"","overlay-type":"","overlay-color":"","overlay-opacity":"","overlay-gradient":""},"tablet":{"background-color":"var(--ast-global-color-4)","background-image":"","background-repeat":"repeat","background-position":"center center","background-size":"auto","background-attachment":"scroll","background-type":"","background-media":"","overlay-type":"","overlay-color":"","overlay-opacity":"","overlay-gradient":""},"mobile":{"background-color":"var(--ast-global-color-4)","background-image":"","background-repeat":"repeat","background-position":"center center","background-size":"auto","background-attachment":"scroll","background-type":"","background-media":"","overlay-type":"","overlay-color":"","overlay-opacity":"","overlay-gradient":""}}},"product_brand":[61],"product_cat":[26],"product_tag":[539,540,544],"class_list":{"0":"post-3609","1":"product","2":"type-product","3":"status-publish","4":"has-post-thumbnail","6":"product_brand-xpert-diamond-tools","7":"product_cat-diamond-polishing-pads","8":"product_tag-corner-polishing-pad","9":"product_tag-edge-polishing-pad","10":"product_tag-triangular-polishing-pad","11":"desktop-align-center","12":"tablet-align-left","13":"mobile-align-left","15":"first","16":"instock","17":"shipping-taxable","18":"purchasable","19":"product-type-simple"},"spectra_custom_meta":{"_edit_last":["1"],"_edit_lock":["1755933931:1"],"rank_math_seo_score":["8"],"_thumbnail_id":["3610"],"_regular_price":["0"],"total_sales":["0"],"_tax_status":["taxable"],"_tax_class":[""],"_manage_stock":["no"],"_backorders":["no"],"_sold_individually":["no"],"_virtual":["no"],"_downloadable":["no"],"_download_limit":["-1"],"_download_expiry":["-1"],"_stock":[null],"_stock_status":["instock"],"_wc_average_rating":["0"],"_wc_review_count":["0"],"_product_version":["9.7.1"],"_price":["0"],"_product_image_gallery":["3612,3611"],"rank_math_primary_product_brand":["61"],"rank_math_primary_product_cat":["26"],"site-sidebar-layout":["default"],"ast-site-content-layout":["default"],"site-content-style":["default"],"site-sidebar-style":["default"],"theme-transparent-header-meta":["default"],"rank_math_title":["Industrial-Grade Diamond Triangle Dry Polishing Pad (50#\u20133000#)"],"rank_math_description":["Industrial-grade diamond triangle dry polishing pad for marble, granite &amp; terrazzo. Flexible resin bond, fast gloss, no burn or stain. Grits 50#\u20133000#, hook-and-loop backing."],"astra-migrate-meta-layouts":["set"],"_uag_page_assets":["a:9:{s:3:\"css\";s:7347:\".uag-blocks-common-selector{z-index:var(--z-index-desktop) !important}@media (max-width: 976px){.uag-blocks-common-selector{z-index:var(--z-index-tablet) !important}}@media (max-width: 767px){.uag-blocks-common-selector{z-index:var(--z-index-mobile) !important}}\n.wp-block-uagb-image{display:flex}.wp-block-uagb-image__figure{position:relative;display:flex;flex-direction:column;max-width:100%;height:auto;margin:0}.wp-block-uagb-image__figure img{height:auto;display:flex;max-width:100%;transition:box-shadow 0.2s ease}.wp-block-uagb-image__figure>a{display:inline-block}.wp-block-uagb-image__figure figcaption{text-align:center;margin-top:0.5em;margin-bottom:1em}.wp-block-uagb-image .components-placeholder.block-editor-media-placeholder .components-placeholder__instructions{align-self:center}.wp-block-uagb-image--align-left{text-align:left}.wp-block-uagb-image--align-right{text-align:right}.wp-block-uagb-image--align-center{text-align:center}.wp-block-uagb-image--align-full .wp-block-uagb-image__figure{margin-left:calc(50% - 50vw);margin-right:calc(50% - 50vw);max-width:100vw;width:100vw;height:auto}.wp-block-uagb-image--align-full .wp-block-uagb-image__figure img{height:auto;width:100% !important}.wp-block-uagb-image--align-wide .wp-block-uagb-image__figure img{height:auto;width:100%}.wp-block-uagb-image--layout-overlay__color-wrapper{position:absolute;left:0;top:0;right:0;bottom:0;opacity:0.2;background:rgba(0,0,0,0.5);transition:opacity 0.35s ease-in-out}.wp-block-uagb-image--layout-overlay-link{position:absolute;left:0;right:0;bottom:0;top:0}.wp-block-uagb-image--layout-overlay .wp-block-uagb-image__figure:hover .wp-block-uagb-image--layout-overlay__color-wrapper{opacity:1}.wp-block-uagb-image--layout-overlay__inner{position:absolute;left:15px;right:15px;bottom:15px;top:15px;display:flex;align-items:center;justify-content:center;flex-direction:column;border-color:#fff;transition:0.35s ease-in-out}.wp-block-uagb-image--layout-overlay__inner.top-left,.wp-block-uagb-image--layout-overlay__inner.top-center,.wp-block-uagb-image--layout-overlay__inner.top-right{justify-content:flex-start}.wp-block-uagb-image--layout-overlay__inner.bottom-left,.wp-block-uagb-image--layout-overlay__inner.bottom-center,.wp-block-uagb-image--layout-overlay__inner.bottom-right{justify-content:flex-end}.wp-block-uagb-image--layout-overlay__inner.top-left,.wp-block-uagb-image--layout-overlay__inner.center-left,.wp-block-uagb-image--layout-overlay__inner.bottom-left{align-items:flex-start}.wp-block-uagb-image--layout-overlay__inner.top-right,.wp-block-uagb-image--layout-overlay__inner.center-right,.wp-block-uagb-image--layout-overlay__inner.bottom-right{align-items:flex-end}.wp-block-uagb-image--layout-overlay__inner .uagb-image-heading{color:#fff;transition:transform 0.35s, opacity 0.35s ease-in-out;transform:translate3d(0, 24px, 0);margin:0;line-height:1em}.wp-block-uagb-image--layout-overlay__inner .uagb-image-separator{width:30%;border-top-width:2px;border-top-color:#fff;border-top-style:solid;margin-bottom:10px;opacity:0;transition:transform 0.4s, opacity 0.4s ease-in-out;transform:translate3d(0, 30px, 0)}.wp-block-uagb-image--layout-overlay__inner .uagb-image-caption{opacity:0;overflow:visible;color:#fff;transition:transform 0.45s, opacity 0.45s ease-in-out;transform:translate3d(0, 35px, 0)}.wp-block-uagb-image--layout-overlay__inner:hover .uagb-image-heading,.wp-block-uagb-image--layout-overlay__inner:hover .uagb-image-separator,.wp-block-uagb-image--layout-overlay__inner:hover .uagb-image-caption{opacity:1;transform:translate3d(0, 0, 0)}.wp-block-uagb-image--effect-zoomin .wp-block-uagb-image__figure img,.wp-block-uagb-image--effect-zoomin .wp-block-uagb-image__figure .wp-block-uagb-image--layout-overlay__color-wrapper{transform:scale(1);transition:transform 0.35s ease-in-out}.wp-block-uagb-image--effect-zoomin .wp-block-uagb-image__figure:hover img,.wp-block-uagb-image--effect-zoomin .wp-block-uagb-image__figure:hover .wp-block-uagb-image--layout-overlay__color-wrapper{transform:scale(1.05)}.wp-block-uagb-image--effect-slide .wp-block-uagb-image__figure img,.wp-block-uagb-image--effect-slide .wp-block-uagb-image__figure .wp-block-uagb-image--layout-overlay__color-wrapper{width:calc(100% + 40px) !important;max-width:none !important;transform:translate3d(-40px, 0, 0);transition:transform 0.35s ease-in-out}.wp-block-uagb-image--effect-slide .wp-block-uagb-image__figure:hover img,.wp-block-uagb-image--effect-slide .wp-block-uagb-image__figure:hover .wp-block-uagb-image--layout-overlay__color-wrapper{transform:translate3d(0, 0, 0)}.wp-block-uagb-image--effect-grayscale img{filter:grayscale(0%);transition:0.35s ease-in-out}.wp-block-uagb-image--effect-grayscale:hover img{filter:grayscale(100%)}.wp-block-uagb-image--effect-blur img{filter:blur(0);transition:0.35s ease-in-out}.wp-block-uagb-image--effect-blur:hover img{filter:blur(3px)}\n.uagb-block-465af194.wp-block-uagb-image{text-align: left;justify-content: flex-start;align-self: flex-start;}.uagb-block-465af194 .wp-block-uagb-image__figure{align-items: flex-start;}.uagb-block-465af194.wp-block-uagb-image--layout-default figure img{box-shadow: 0px 0px 0 #00000070;}.uagb-block-465af194.wp-block-uagb-image .wp-block-uagb-image__figure figcaption{font-style: normal;align-self: center;}.uagb-block-465af194.wp-block-uagb-image--layout-overlay figure img{box-shadow: 0px 0px 0 #00000070;}.uagb-block-465af194.wp-block-uagb-image--layout-overlay .wp-block-uagb-image--layout-overlay__color-wrapper{opacity: 0.2;}.uagb-block-465af194.wp-block-uagb-image--layout-overlay .wp-block-uagb-image--layout-overlay__inner{left: 15px;right: 15px;top: 15px;bottom: 15px;}.uagb-block-465af194.wp-block-uagb-image--layout-overlay .wp-block-uagb-image--layout-overlay__inner .uagb-image-heading{font-style: normal;color: #fff;opacity: 1;}.uagb-block-465af194.wp-block-uagb-image--layout-overlay .wp-block-uagb-image--layout-overlay__inner .uagb-image-heading a{color: #fff;}.uagb-block-465af194.wp-block-uagb-image--layout-overlay .wp-block-uagb-image--layout-overlay__inner .uagb-image-caption{opacity: 0;}.uagb-block-465af194.wp-block-uagb-image--layout-overlay .wp-block-uagb-image__figure:hover .wp-block-uagb-image--layout-overlay__color-wrapper{opacity: 1;}.uagb-block-465af194.wp-block-uagb-image .wp-block-uagb-image--layout-overlay__inner .uagb-image-separator{width: 30%;border-top-width: 2px;border-top-color: #fff;opacity: 0;}.uagb-block-465af194.wp-block-uagb-image .wp-block-uagb-image__figure img{width: 80px;height: 80px;}.uagb-block-465af194.wp-block-uagb-image .wp-block-uagb-image__figure:hover .wp-block-uagb-image--layout-overlay__inner .uagb-image-caption{opacity: 1;}.uagb-block-465af194.wp-block-uagb-image .wp-block-uagb-image__figure:hover .wp-block-uagb-image--layout-overlay__inner .uagb-image-separator{opacity: 1;}.uagb-block-465af194.wp-block-uagb-image--layout-default figure:hover img{box-shadow: 0px 0px 0 #00000070;}.uagb-block-465af194.wp-block-uagb-image--layout-overlay figure:hover img{box-shadow: 0px 0px 0 #00000070;}@media only screen and (max-width: 976px) {.uagb-block-465af194.wp-block-uagb-image .wp-block-uagb-image__figure img{width: 80px;height: auto;}}@media only screen and (max-width: 767px) {.uagb-block-465af194.wp-block-uagb-image .wp-block-uagb-image__figure img{width: 80px;height: auto;}}\";s:2:\"js\";s:0:\"\";s:18:\"current_block_list\";a:13:{i:0;s:11:\"core\/search\";i:1;s:10:\"core\/group\";i:2;s:12:\"core\/heading\";i:3;s:17:\"core\/latest-posts\";i:4;s:9:\"core\/html\";i:5;s:14:\"core\/paragraph\";i:6;s:30:\"woocommerce\/product-categories\";i:7;s:14:\"core\/shortcode\";i:8;s:12:\"core\/columns\";i:9;s:11:\"core\/column\";i:11;s:10:\"uagb\/image\";i:12;s:17:\"core\/social-links\";i:13;s:16:\"core\/social-link\";}s:8:\"uag_flag\";b:1;s:11:\"uag_version\";s:10:\"1775811701\";s:6:\"gfonts\";a:0:{}s:10:\"gfonts_url\";s:0:\"\";s:12:\"gfonts_files\";a:0:{}s:14:\"uag_faq_layout\";b:0;}"],"_uag_css_file_name":["uag-css-3609.css"]},"uagb_featured_image_src":{"full":["https:\/\/xpertdiamondtools.com\/wp-content\/uploads\/2025\/06\/80mm-3-Inch-Triangular-Velcro-Dry-Resin-Polishing-Pad-for-Corners-and-Edges-1.jpg",768,768,false],"thumbnail":["https:\/\/xpertdiamondtools.com\/wp-content\/uploads\/2025\/06\/80mm-3-Inch-Triangular-Velcro-Dry-Resin-Polishing-Pad-for-Corners-and-Edges-1-150x150.jpg",150,150,true],"medium":["https:\/\/xpertdiamondtools.com\/wp-content\/uploads\/2025\/06\/80mm-3-Inch-Triangular-Velcro-Dry-Resin-Polishing-Pad-for-Corners-and-Edges-1-300x300.jpg",300,300,true],"medium_large":["https:\/\/xpertdiamondtools.com\/wp-content\/uploads\/2025\/06\/80mm-3-Inch-Triangular-Velcro-Dry-Resin-Polishing-Pad-for-Corners-and-Edges-1.jpg",768,768,false],"large":["https:\/\/xpertdiamondtools.com\/wp-content\/uploads\/2025\/06\/80mm-3-Inch-Triangular-Velcro-Dry-Resin-Polishing-Pad-for-Corners-and-Edges-1.jpg",768,768,false],"1536x1536":["https:\/\/xpertdiamondtools.com\/wp-content\/uploads\/2025\/06\/80mm-3-Inch-Triangular-Velcro-Dry-Resin-Polishing-Pad-for-Corners-and-Edges-1.jpg",768,768,false],"2048x2048":["https:\/\/xpertdiamondtools.com\/wp-content\/uploads\/2025\/06\/80mm-3-Inch-Triangular-Velcro-Dry-Resin-Polishing-Pad-for-Corners-and-Edges-1.jpg",768,768,false],"trp-custom-language-flag":["https:\/\/xpertdiamondtools.com\/wp-content\/uploads\/2025\/06\/80mm-3-Inch-Triangular-Velcro-Dry-Resin-Polishing-Pad-for-Corners-and-Edges-1-12x12.jpg",12,12,true],"woocommerce_thumbnail":["https:\/\/xpertdiamondtools.com\/wp-content\/uploads\/2025\/06\/80mm-3-Inch-Triangular-Velcro-Dry-Resin-Polishing-Pad-for-Corners-and-Edges-1-300x300.jpg",300,300,true],"woocommerce_single":["https:\/\/xpertdiamondtools.com\/wp-content\/uploads\/2025\/06\/80mm-3-Inch-Triangular-Velcro-Dry-Resin-Polishing-Pad-for-Corners-and-Edges-1.jpg",768,768,false],"woocommerce_gallery_thumbnail":["https:\/\/xpertdiamondtools.com\/wp-content\/uploads\/2025\/06\/80mm-3-Inch-Triangular-Velcro-Dry-Resin-Polishing-Pad-for-Corners-and-Edges-1-100x100.jpg",100,100,true]},"uagb_author_info":{"display_name":"Xpert Diamond Tools","author_link":"https:\/\/xpertdiamondtools.com\/et\/author\/"},"uagb_comment_info":0,"uagb_excerpt":"Industrial-grade diamond triangle dry polishing pad with premium resin bond. Flexible for edges and curves, hook-and-loop backing, no burning or discoloration. Grits 50#\u20133000# for marble, granite, terrazzo, and more. Diamond Type: Resin Bond Optional Grits: 50#, 100#, 200#, 400#, 800#, 1500#, 3000# Edge Length: 80mm Suitable Machine: Angle Grinder Net Weight: 0.02kg","_links":{"self":[{"href":"https:\/\/xpertdiamondtools.com\/et\/wp-json\/wp\/v2\/product\/3609","targetHints":{"allow":["GET"]}}],"collection":[{"href":"https:\/\/xpertdiamondtools.com\/et\/wp-json\/wp\/v2\/product"}],"about":[{"href":"https:\/\/xpertdiamondtools.com\/et\/wp-json\/wp\/v2\/types\/product"}],"wp:featuredmedia":[{"embeddable":true,"href":"https:\/\/xpertdiamondtools.com\/et\/wp-json\/wp\/v2\/media\/3610"}],"wp:attachment":[{"href":"https:\/\/xpertdiamondtools.com\/et\/wp-json\/wp\/v2\/media?parent=3609"}],"wp:term":[{"taxonomy":"product_brand","embeddable":true,"href":"https:\/\/xpertdiamondtools.com\/et\/wp-json\/wp\/v2\/product_brand?post=3609"},{"taxonomy":"product_cat","embeddable":true,"href":"https:\/\/xpertdiamondtools.com\/et\/wp-json\/wp\/v2\/product_cat?post=3609"},{"taxonomy":"product_tag","embeddable":true,"href":"https:\/\/xpertdiamondtools.com\/et\/wp-json\/wp\/v2\/product_tag?post=3609"}],"curies":[{"name":"wp","href":"https:\/\/api.w.org\/{rel}","templated":true}]}}