{"id":1257,"date":"2025-03-21T15:32:04","date_gmt":"2025-03-21T07:32:04","guid":{"rendered":"https:\/\/xpertdiamondtools.com\/?post_type=product&#038;p=1257"},"modified":"2025-03-24T22:32:22","modified_gmt":"2025-03-24T14:32:22","slug":"roof-diamond-core-bit-segments-for-granite-marble-concrete","status":"publish","type":"product","link":"https:\/\/xpertdiamondtools.com\/et\/katuse-teemantpuurimispuru-segmendid-graniidist-marmorist-betoonile\/","title":{"rendered":"Roof Diamond Core Bit segmendid graniidist marmorist betoonile"},"content":{"rendered":"<p data-start=\"51\" data-end=\"537\">Need katuset\u00fc\u00fcpi teemantpuuri segmendid on \u00fcks meie k\u00f5ige populaarsemaid tooteid. Neid eelistavad <strong>s\u00fcdamepuurimise spetsialistid, betoonit\u00f6\u00f6de teostajad, t\u00f6\u00f6riistade remondit\u00f6\u00f6kojad<\/strong>, ja muud organisatsioonid, et v\u00e4hendada kulusid t\u00fcnnide \u00fcmberpaigutamiseks. Oleme v\u00e4lja t\u00f6\u00f6tanud erinevad valemid erinevate ehitusmaterjalide l\u00f5ikamiseks, sealhulgas <strong>graniit, marmor, betoon, raudbetoon<\/strong>ja muudki. \u00dclal asuv katuse disain aitab puurimisasendi leidmisel ja lihtsustab puurimise alustamist.<\/p>\n<p data-start=\"539\" data-end=\"748\">Pakume erineva suurusega katusesegmente tuumapuuride tagasipuurimiseks alates j\u00e4rgmistest suurustest <strong>30mm kuni 500mm<\/strong> l\u00e4bim\u00f5\u00f5duga. Teisi suurusi saab kohandada. M\u00f5ned standardm\u00f5\u00f5dud on laos ja valmis koheseks tarnimiseks.<\/p>\n<p data-start=\"539\" data-end=\"748\">J\u00e4rgnevalt on esitatud meie standardne tuumapuurisegmendi suurus ja selle vastav seos tuumapuurimispistikutega. Palun vaadake seda v\u00f5rdluseks. Soovi korral on v\u00f5imalik pakkuda ka kohandatud suurusi.<\/p>\n<table width=\"703\">\n<tbody>\n<tr>\n<td width=\"250\"><strong>M\u00f5eldud l\u00e4bim\u00f5\u00f5t tuumapuuride jaoks<\/strong><\/td>\n<td width=\"250\"><strong>Sobiv l\u00e4bim\u00f5\u00f5t tuumapuuride jaoks<\/strong><\/td>\n<td width=\"203\"><strong>Core Bit segmendi suurus<\/strong><\/td>\n<\/tr>\n<tr>\n<td width=\"250\">D35mm<\/td>\n<td width=\"250\">D32-D36mm<\/td>\n<td width=\"203\">16\u00d73.0\u00d710mm<\/td>\n<\/tr>\n<tr>\n<td width=\"250\">D44mm<\/td>\n<td width=\"250\">\u00a0D38-D48mm<\/td>\n<td width=\"203\">16\u00d73.0\u00d710mm<\/td>\n<\/tr>\n<tr>\n<td width=\"250\">D60mm<\/td>\n<td width=\"250\">\u00a0D52-D66mm<\/td>\n<td width=\"203\">24\u00d73,5\u00d710mm<\/td>\n<\/tr>\n<tr>\n<td width=\"250\">D76mm<\/td>\n<td width=\"250\">D68-D82mm<\/td>\n<td width=\"203\">24\u00d73,5\u00d710mm<\/td>\n<\/tr>\n<tr>\n<td width=\"250\">D96mm<\/td>\n<td>\u00a0D84-D108mm<\/td>\n<td width=\"203\">24\u00d73,5\u00d710mm<\/td>\n<\/tr>\n<tr>\n<td width=\"250\">D140mm<\/td>\n<td>\u00a0D110-D150mm<\/td>\n<td width=\"203\">24\u00d74.0\u00d710mm<\/td>\n<\/tr>\n<tr>\n<td width=\"250\">D180mm<\/td>\n<td>\u00a0D160-D200mm<\/td>\n<td width=\"203\">24\u00d74,5\u00d710mm<\/td>\n<\/tr>\n<tr>\n<td width=\"250\">D228mm<\/td>\n<td>\u00a0D202-D254mm<\/td>\n<td width=\"203\">24\u00d74,5\u00d710mm<\/td>\n<\/tr>\n<tr>\n<td width=\"250\">D280mm<\/td>\n<td>\u00a0D260-D300mm<\/td>\n<td width=\"203\">24\u00d75.0\u00d710mm<\/td>\n<\/tr>\n<tr>\n<td width=\"250\">D350mm<\/td>\n<td>\u00a0D305-D400mm<\/td>\n<td width=\"203\">24\u00d75,5\u00d710mm<\/td>\n<\/tr>\n<tr>\n<td width=\"250\">D450mm<\/td>\n<td>\u00a0D405-D500mm<\/td>\n<td width=\"203\">24\u00d75,5\u00d710mm<\/td>\n<\/tr>\n<\/tbody>\n<\/table>","protected":false},"excerpt":{"rendered":"<p>Suurep\u00e4raselt formuleeritud s\u00fcdamikuotsakute segmendid graniidi, marmori, kivi, betooni ja raudbetooni puurimiseks. Lihtne positsioneerimine ja sujuv puurimise algus katusealuse konstruktsiooniga. Saadaval on erinevad suurused.<\/p>\n<ul>\n<li><strong>Segmendi kuju:<\/strong> Katus<\/li>\n<li><strong>Segmendi suurus: <\/strong>24\u00d73.5x10mm<\/li>\n<li><strong>Netokaal:<\/strong> 0.70kg (100 t\u00fckki)<\/li>\n<\/ul>","protected":false},"featured_media":1258,"template":"","meta":{"_uag_custom_page_level_css":"","site-sidebar-layout":"default","site-content-layout":"","ast-site-content-layout":"default","site-content-style":"default","site-sidebar-style":"default","ast-global-header-display":"","ast-banner-title-visibility":"","ast-main-header-display":"","ast-hfb-above-header-display":"","ast-hfb-below-header-display":"","ast-hfb-mobile-header-display":"","site-post-title":"","ast-breadcrumbs-content":"","ast-featured-img":"","footer-sml-layout":"","theme-transparent-header-meta":"default","adv-header-id-meta":"","stick-header-meta":"","header-above-stick-meta":"","header-main-stick-meta":"","header-below-stick-meta":"","astra-migrate-meta-layouts":"set","ast-page-background-enabled":"default","ast-page-background-meta":{"desktop":{"background-color":"var(--ast-global-color-5)","background-image":"","background-repeat":"repeat","background-position":"center center","background-size":"auto","background-attachment":"scroll","background-type":"","background-media":"","overlay-type":"","overlay-color":"","overlay-opacity":"","overlay-gradient":""},"tablet":{"background-color":"","background-image":"","background-repeat":"repeat","background-position":"center center","background-size":"auto","background-attachment":"scroll","background-type":"","background-media":"","overlay-type":"","overlay-color":"","overlay-opacity":"","overlay-gradient":""},"mobile":{"background-color":"","background-image":"","background-repeat":"repeat","background-position":"center center","background-size":"auto","background-attachment":"scroll","background-type":"","background-media":"","overlay-type":"","overlay-color":"","overlay-opacity":"","overlay-gradient":""}},"ast-content-background-meta":{"desktop":{"background-color":"var(--ast-global-color-4)","background-image":"","background-repeat":"repeat","background-position":"center center","background-size":"auto","background-attachment":"scroll","background-type":"","background-media":"","overlay-type":"","overlay-color":"","overlay-opacity":"","overlay-gradient":""},"tablet":{"background-color":"var(--ast-global-color-4)","background-image":"","background-repeat":"repeat","background-position":"center center","background-size":"auto","background-attachment":"scroll","background-type":"","background-media":"","overlay-type":"","overlay-color":"","overlay-opacity":"","overlay-gradient":""},"mobile":{"background-color":"var(--ast-global-color-4)","background-image":"","background-repeat":"repeat","background-position":"center center","background-size":"auto","background-attachment":"scroll","background-type":"","background-media":"","overlay-type":"","overlay-color":"","overlay-opacity":"","overlay-gradient":""}}},"product_brand":[61],"product_cat":[19,28],"product_tag":[160,161,159,162],"class_list":{"0":"post-1257","1":"product","2":"type-product","3":"status-publish","4":"has-post-thumbnail","6":"product_brand-xpert-diamond-tools","7":"product_cat-diamond-segments","8":"product_cat-diamond-core-bit-segments","9":"product_tag-core-bit-segment-for-retipping","10":"product_tag-core-bit-segments","11":"product_tag-diamond-core-bit-segments","12":"product_tag-roof-core-bit-segments","13":"desktop-align-center","14":"tablet-align-left","15":"mobile-align-left","17":"first","18":"instock","19":"shipping-taxable","20":"purchasable","21":"product-type-simple"},"spectra_custom_meta":{"_edit_last":["1"],"_edit_lock":["1742547975:1"],"rank_math_seo_score":["7"],"_thumbnail_id":["1258"],"total_sales":["0"],"_tax_status":["taxable"],"_tax_class":[""],"_manage_stock":["no"],"_backorders":["no"],"_sold_individually":["no"],"_virtual":["no"],"_downloadable":["no"],"_download_limit":["-1"],"_download_expiry":["-1"],"_stock":[null],"_stock_status":["instock"],"_wc_average_rating":["0"],"_wc_review_count":["0"],"_product_version":["9.7.1"],"_product_image_gallery":["1259,1260"],"rank_math_primary_product_brand":["61"],"rank_math_primary_product_cat":["19"],"site-sidebar-layout":["default"],"ast-site-content-layout":["default"],"site-content-style":["default"],"site-sidebar-style":["default"],"theme-transparent-header-meta":["default"],"rank_math_analytic_object_id":["24"],"astra-migrate-meta-layouts":["set"],"_regular_price":["0"],"_price":["0"],"_uag_page_assets":["a:9:{s:3:\"css\";s:7347:\".uag-blocks-common-selector{z-index:var(--z-index-desktop) !important}@media (max-width: 976px){.uag-blocks-common-selector{z-index:var(--z-index-tablet) !important}}@media (max-width: 767px){.uag-blocks-common-selector{z-index:var(--z-index-mobile) !important}}\n.wp-block-uagb-image{display:flex}.wp-block-uagb-image__figure{position:relative;display:flex;flex-direction:column;max-width:100%;height:auto;margin:0}.wp-block-uagb-image__figure img{height:auto;display:flex;max-width:100%;transition:box-shadow 0.2s ease}.wp-block-uagb-image__figure>a{display:inline-block}.wp-block-uagb-image__figure figcaption{text-align:center;margin-top:0.5em;margin-bottom:1em}.wp-block-uagb-image .components-placeholder.block-editor-media-placeholder .components-placeholder__instructions{align-self:center}.wp-block-uagb-image--align-left{text-align:left}.wp-block-uagb-image--align-right{text-align:right}.wp-block-uagb-image--align-center{text-align:center}.wp-block-uagb-image--align-full .wp-block-uagb-image__figure{margin-left:calc(50% - 50vw);margin-right:calc(50% - 50vw);max-width:100vw;width:100vw;height:auto}.wp-block-uagb-image--align-full .wp-block-uagb-image__figure img{height:auto;width:100% !important}.wp-block-uagb-image--align-wide .wp-block-uagb-image__figure img{height:auto;width:100%}.wp-block-uagb-image--layout-overlay__color-wrapper{position:absolute;left:0;top:0;right:0;bottom:0;opacity:0.2;background:rgba(0,0,0,0.5);transition:opacity 0.35s ease-in-out}.wp-block-uagb-image--layout-overlay-link{position:absolute;left:0;right:0;bottom:0;top:0}.wp-block-uagb-image--layout-overlay .wp-block-uagb-image__figure:hover .wp-block-uagb-image--layout-overlay__color-wrapper{opacity:1}.wp-block-uagb-image--layout-overlay__inner{position:absolute;left:15px;right:15px;bottom:15px;top:15px;display:flex;align-items:center;justify-content:center;flex-direction:column;border-color:#fff;transition:0.35s ease-in-out}.wp-block-uagb-image--layout-overlay__inner.top-left,.wp-block-uagb-image--layout-overlay__inner.top-center,.wp-block-uagb-image--layout-overlay__inner.top-right{justify-content:flex-start}.wp-block-uagb-image--layout-overlay__inner.bottom-left,.wp-block-uagb-image--layout-overlay__inner.bottom-center,.wp-block-uagb-image--layout-overlay__inner.bottom-right{justify-content:flex-end}.wp-block-uagb-image--layout-overlay__inner.top-left,.wp-block-uagb-image--layout-overlay__inner.center-left,.wp-block-uagb-image--layout-overlay__inner.bottom-left{align-items:flex-start}.wp-block-uagb-image--layout-overlay__inner.top-right,.wp-block-uagb-image--layout-overlay__inner.center-right,.wp-block-uagb-image--layout-overlay__inner.bottom-right{align-items:flex-end}.wp-block-uagb-image--layout-overlay__inner .uagb-image-heading{color:#fff;transition:transform 0.35s, opacity 0.35s ease-in-out;transform:translate3d(0, 24px, 0);margin:0;line-height:1em}.wp-block-uagb-image--layout-overlay__inner .uagb-image-separator{width:30%;border-top-width:2px;border-top-color:#fff;border-top-style:solid;margin-bottom:10px;opacity:0;transition:transform 0.4s, opacity 0.4s ease-in-out;transform:translate3d(0, 30px, 0)}.wp-block-uagb-image--layout-overlay__inner .uagb-image-caption{opacity:0;overflow:visible;color:#fff;transition:transform 0.45s, opacity 0.45s ease-in-out;transform:translate3d(0, 35px, 0)}.wp-block-uagb-image--layout-overlay__inner:hover .uagb-image-heading,.wp-block-uagb-image--layout-overlay__inner:hover .uagb-image-separator,.wp-block-uagb-image--layout-overlay__inner:hover .uagb-image-caption{opacity:1;transform:translate3d(0, 0, 0)}.wp-block-uagb-image--effect-zoomin .wp-block-uagb-image__figure img,.wp-block-uagb-image--effect-zoomin .wp-block-uagb-image__figure .wp-block-uagb-image--layout-overlay__color-wrapper{transform:scale(1);transition:transform 0.35s ease-in-out}.wp-block-uagb-image--effect-zoomin .wp-block-uagb-image__figure:hover img,.wp-block-uagb-image--effect-zoomin .wp-block-uagb-image__figure:hover .wp-block-uagb-image--layout-overlay__color-wrapper{transform:scale(1.05)}.wp-block-uagb-image--effect-slide .wp-block-uagb-image__figure img,.wp-block-uagb-image--effect-slide .wp-block-uagb-image__figure .wp-block-uagb-image--layout-overlay__color-wrapper{width:calc(100% + 40px) !important;max-width:none !important;transform:translate3d(-40px, 0, 0);transition:transform 0.35s ease-in-out}.wp-block-uagb-image--effect-slide .wp-block-uagb-image__figure:hover img,.wp-block-uagb-image--effect-slide .wp-block-uagb-image__figure:hover .wp-block-uagb-image--layout-overlay__color-wrapper{transform:translate3d(0, 0, 0)}.wp-block-uagb-image--effect-grayscale img{filter:grayscale(0%);transition:0.35s ease-in-out}.wp-block-uagb-image--effect-grayscale:hover img{filter:grayscale(100%)}.wp-block-uagb-image--effect-blur img{filter:blur(0);transition:0.35s ease-in-out}.wp-block-uagb-image--effect-blur:hover img{filter:blur(3px)}\n.uagb-block-465af194.wp-block-uagb-image{text-align: left;justify-content: flex-start;align-self: flex-start;}.uagb-block-465af194 .wp-block-uagb-image__figure{align-items: flex-start;}.uagb-block-465af194.wp-block-uagb-image--layout-default figure img{box-shadow: 0px 0px 0 #00000070;}.uagb-block-465af194.wp-block-uagb-image .wp-block-uagb-image__figure figcaption{font-style: normal;align-self: center;}.uagb-block-465af194.wp-block-uagb-image--layout-overlay figure img{box-shadow: 0px 0px 0 #00000070;}.uagb-block-465af194.wp-block-uagb-image--layout-overlay .wp-block-uagb-image--layout-overlay__color-wrapper{opacity: 0.2;}.uagb-block-465af194.wp-block-uagb-image--layout-overlay .wp-block-uagb-image--layout-overlay__inner{left: 15px;right: 15px;top: 15px;bottom: 15px;}.uagb-block-465af194.wp-block-uagb-image--layout-overlay .wp-block-uagb-image--layout-overlay__inner .uagb-image-heading{font-style: normal;color: #fff;opacity: 1;}.uagb-block-465af194.wp-block-uagb-image--layout-overlay .wp-block-uagb-image--layout-overlay__inner .uagb-image-heading a{color: #fff;}.uagb-block-465af194.wp-block-uagb-image--layout-overlay .wp-block-uagb-image--layout-overlay__inner .uagb-image-caption{opacity: 0;}.uagb-block-465af194.wp-block-uagb-image--layout-overlay .wp-block-uagb-image__figure:hover .wp-block-uagb-image--layout-overlay__color-wrapper{opacity: 1;}.uagb-block-465af194.wp-block-uagb-image .wp-block-uagb-image--layout-overlay__inner .uagb-image-separator{width: 30%;border-top-width: 2px;border-top-color: #fff;opacity: 0;}.uagb-block-465af194.wp-block-uagb-image .wp-block-uagb-image__figure img{width: 80px;height: 80px;}.uagb-block-465af194.wp-block-uagb-image .wp-block-uagb-image__figure:hover .wp-block-uagb-image--layout-overlay__inner .uagb-image-caption{opacity: 1;}.uagb-block-465af194.wp-block-uagb-image .wp-block-uagb-image__figure:hover .wp-block-uagb-image--layout-overlay__inner .uagb-image-separator{opacity: 1;}.uagb-block-465af194.wp-block-uagb-image--layout-default figure:hover img{box-shadow: 0px 0px 0 #00000070;}.uagb-block-465af194.wp-block-uagb-image--layout-overlay figure:hover img{box-shadow: 0px 0px 0 #00000070;}@media only screen and (max-width: 976px) {.uagb-block-465af194.wp-block-uagb-image .wp-block-uagb-image__figure img{width: 80px;height: auto;}}@media only screen and (max-width: 767px) {.uagb-block-465af194.wp-block-uagb-image .wp-block-uagb-image__figure img{width: 80px;height: auto;}}\";s:2:\"js\";s:0:\"\";s:18:\"current_block_list\";a:13:{i:0;s:11:\"core\/search\";i:1;s:10:\"core\/group\";i:2;s:12:\"core\/heading\";i:3;s:17:\"core\/latest-posts\";i:4;s:9:\"core\/html\";i:5;s:14:\"core\/paragraph\";i:6;s:30:\"woocommerce\/product-categories\";i:7;s:14:\"core\/shortcode\";i:8;s:12:\"core\/columns\";i:9;s:11:\"core\/column\";i:11;s:10:\"uagb\/image\";i:12;s:17:\"core\/social-links\";i:13;s:16:\"core\/social-link\";}s:8:\"uag_flag\";b:1;s:11:\"uag_version\";s:10:\"1775811701\";s:6:\"gfonts\";a:0:{}s:10:\"gfonts_url\";s:0:\"\";s:12:\"gfonts_files\";a:0:{}s:14:\"uag_faq_layout\";b:0;}"],"_uag_css_file_name":["uag-css-1257.css"]},"uagb_featured_image_src":{"full":["https:\/\/xpertdiamondtools.com\/wp-content\/uploads\/2025\/03\/Roof-Diamond-Core-Bit-Segments-for-Granite-Marble-Concrete.jpg",768,768,false],"thumbnail":["https:\/\/xpertdiamondtools.com\/wp-content\/uploads\/2025\/03\/Roof-Diamond-Core-Bit-Segments-for-Granite-Marble-Concrete-150x150.jpg",150,150,true],"medium":["https:\/\/xpertdiamondtools.com\/wp-content\/uploads\/2025\/03\/Roof-Diamond-Core-Bit-Segments-for-Granite-Marble-Concrete-300x300.jpg",300,300,true],"medium_large":["https:\/\/xpertdiamondtools.com\/wp-content\/uploads\/2025\/03\/Roof-Diamond-Core-Bit-Segments-for-Granite-Marble-Concrete.jpg",768,768,false],"large":["https:\/\/xpertdiamondtools.com\/wp-content\/uploads\/2025\/03\/Roof-Diamond-Core-Bit-Segments-for-Granite-Marble-Concrete.jpg",768,768,false],"1536x1536":["https:\/\/xpertdiamondtools.com\/wp-content\/uploads\/2025\/03\/Roof-Diamond-Core-Bit-Segments-for-Granite-Marble-Concrete.jpg",768,768,false],"2048x2048":["https:\/\/xpertdiamondtools.com\/wp-content\/uploads\/2025\/03\/Roof-Diamond-Core-Bit-Segments-for-Granite-Marble-Concrete.jpg",768,768,false],"trp-custom-language-flag":["https:\/\/xpertdiamondtools.com\/wp-content\/uploads\/2025\/03\/Roof-Diamond-Core-Bit-Segments-for-Granite-Marble-Concrete.jpg",12,12,false],"woocommerce_thumbnail":["https:\/\/xpertdiamondtools.com\/wp-content\/uploads\/2025\/03\/Roof-Diamond-Core-Bit-Segments-for-Granite-Marble-Concrete-300x300.jpg",300,300,true],"woocommerce_single":["https:\/\/xpertdiamondtools.com\/wp-content\/uploads\/2025\/03\/Roof-Diamond-Core-Bit-Segments-for-Granite-Marble-Concrete.jpg",768,768,false],"woocommerce_gallery_thumbnail":["https:\/\/xpertdiamondtools.com\/wp-content\/uploads\/2025\/03\/Roof-Diamond-Core-Bit-Segments-for-Granite-Marble-Concrete-100x100.jpg",100,100,true]},"uagb_author_info":{"display_name":"Xpert Diamond Tools","author_link":"https:\/\/xpertdiamondtools.com\/et\/author\/"},"uagb_comment_info":0,"uagb_excerpt":"Excellent formulated core bit segments for drilling granite, marble, stone, concrete, and reinforced concrete. Easy positioning and smooth drilling start with roof top design. Various sizes available. Segment Shape: Roof Segment Size: 24x3.5x10mm Net Weight: 0.70kg(100 pieces)","_links":{"self":[{"href":"https:\/\/xpertdiamondtools.com\/et\/wp-json\/wp\/v2\/product\/1257","targetHints":{"allow":["GET"]}}],"collection":[{"href":"https:\/\/xpertdiamondtools.com\/et\/wp-json\/wp\/v2\/product"}],"about":[{"href":"https:\/\/xpertdiamondtools.com\/et\/wp-json\/wp\/v2\/types\/product"}],"wp:featuredmedia":[{"embeddable":true,"href":"https:\/\/xpertdiamondtools.com\/et\/wp-json\/wp\/v2\/media\/1258"}],"wp:attachment":[{"href":"https:\/\/xpertdiamondtools.com\/et\/wp-json\/wp\/v2\/media?parent=1257"}],"wp:term":[{"taxonomy":"product_brand","embeddable":true,"href":"https:\/\/xpertdiamondtools.com\/et\/wp-json\/wp\/v2\/product_brand?post=1257"},{"taxonomy":"product_cat","embeddable":true,"href":"https:\/\/xpertdiamondtools.com\/et\/wp-json\/wp\/v2\/product_cat?post=1257"},{"taxonomy":"product_tag","embeddable":true,"href":"https:\/\/xpertdiamondtools.com\/et\/wp-json\/wp\/v2\/product_tag?post=1257"}],"curies":[{"name":"wp","href":"https:\/\/api.w.org\/{rel}","templated":true}]}}