{"id":1164,"date":"2025-03-19T16:38:08","date_gmt":"2025-03-19T08:38:08","guid":{"rendered":"https:\/\/xpertdiamondtools.com\/?post_type=product&#038;p=1164"},"modified":"2025-03-24T22:32:34","modified_gmt":"2025-03-24T14:32:34","slug":"115mm-bush-hammer-scratching-roller-for-angle-grinder","status":"publish","type":"product","link":"https:\/\/xpertdiamondtools.com\/et\/115mm-pukshaamri-kraapimisrull-nurklihvijale\/","title":{"rendered":"115mm Bush Hammer kraapimisrull nurklihvijale"},"content":{"rendered":"<p data-start=\"67\" data-end=\"299\">See M14-\u00fchendusega puksehaamri kraapimisrull on spetsiaalselt m\u00f5eldud kasutamiseks tavalistel nurklihvidel. See sobib ideaalselt <strong>graniidi, marmori tekstureerimine<\/strong>, ja muudest kividest, andes pinnale dekoratiivse kriimustava viimistluse.<\/p>\n<p data-start=\"301\" data-end=\"666\">Sellel on 36 l\u00f5ikepead, mille vahekaugus on 2,5 mm iga pea vahel. L\u00f5ikepead on ruudukujulised, iga\u00fchel on neli nurka. Kasutamise ajal on iga l\u00f5ikepea ainult \u00fcks nurk korraga sisse l\u00fclitatud, mis v\u00f5imaldab iga l\u00f5ikepea kasutamist. <strong>neli korda<\/strong>. Kui \u00fcks nurk kulub \u00e4ra, saate l\u00f5ikekohad lahti v\u00f5tta ja keerata need uude nurka, et j\u00e4tkata lihvimist.<\/p>\n<p>Valikuline l\u00f5ikep\u00e4\u00e4 materjal h\u00f5lmab j\u00e4rgmist <strong>Karbiidi t\u00fc\u00fcp ja PCD t\u00fc\u00fcp<\/strong>ja neil on erinevad omadused:<\/p>\n<table width=\"587\">\n<tbody>\n<tr>\n<td width=\"131\"><strong>Artiklid<\/strong><\/td>\n<td width=\"228\"><strong><span style=\"color: #045cb4;\">PCD t\u00fc\u00fcp (soovitus)<\/span><\/strong><\/td>\n<td width=\"228\"><strong>Karbiidi t\u00fc\u00fcp<\/strong><\/td>\n<\/tr>\n<tr>\n<td width=\"131\">L\u00f5ikematerjal<\/td>\n<td width=\"228\">K\u00f5vad ja pehmed kivid, nagu graniit, marmor jne.<\/td>\n<td width=\"228\">Pehmed kivid nagu marmor, lubjakivi jne.<\/td>\n<\/tr>\n<tr>\n<td width=\"131\">Eluaeg<\/td>\n<td width=\"228\">\n<svg xmlns=\"http:\/\/www.w3.org\/2000\/svg\" width=\"20\" height=\"20\" fill=\"gold\" viewbox=\"0 0 16 16\">\n        <path d=\"M3.612 15.443c-.396.198-.824-.149-.746-.592l.83-4.73-3.523-3.356c-.329-.314-.158-.888.283-.95l4.898-.696L8.465.792c.197-.39.73-.39.927 0l2.19 4.327 4.898.696c.441.062.612.636.282.95l-3.522 3.356.83 4.73c.078.443-.35.79-.746.592L8 13.187l-4.389 2.256z\"\/>\n      <\/svg><svg xmlns=\"http:\/\/www.w3.org\/2000\/svg\" width=\"20\" height=\"20\" fill=\"gold\" viewbox=\"0 0 16 16\">\n        <path d=\"M3.612 15.443c-.396.198-.824-.149-.746-.592l.83-4.73-3.523-3.356c-.329-.314-.158-.888.283-.95l4.898-.696L8.465.792c.197-.39.73-.39.927 0l2.19 4.327 4.898.696c.441.062.612.636.282.95l-3.522 3.356.83 4.73c.078.443-.35.79-.746.592L8 13.187l-4.389 2.256z\"\/>\n      <\/svg><svg xmlns=\"http:\/\/www.w3.org\/2000\/svg\" width=\"20\" height=\"20\" fill=\"gold\" viewbox=\"0 0 16 16\">\n        <path d=\"M3.612 15.443c-.396.198-.824-.149-.746-.592l.83-4.73-3.523-3.356c-.329-.314-.158-.888.283-.95l4.898-.696L8.465.792c.197-.39.73-.39.927 0l2.19 4.327 4.898.696c.441.062.612.636.282.95l-3.522 3.356.83 4.73c.078.443-.35.79-.746.592L8 13.187l-4.389 2.256z\"\/>\n      <\/svg><svg xmlns=\"http:\/\/www.w3.org\/2000\/svg\" width=\"20\" height=\"20\" fill=\"gold\" viewbox=\"0 0 16 16\">\n        <path d=\"M3.612 15.443c-.396.198-.824-.149-.746-.592l.83-4.73-3.523-3.356c-.329-.314-.158-.888.283-.95l4.898-.696L8.465.792c.197-.39.73-.39.927 0l2.19 4.327 4.898.696c.441.062.612.636.282.95l-3.522 3.356.83 4.73c.078.443-.35.79-.746.592L8 13.187l-4.389 2.256z\"\/>\n      <\/svg>\n<\/td>\n<td width=\"228\"><svg xmlns=\"http:\/\/www.w3.org\/2000\/svg\" width=\"20\" height=\"20\" fill=\"gold\" viewbox=\"0 0 16 16\">\n        <path d=\"M3.612 15.443c-.396.198-.824-.149-.746-.592l.83-4.73-3.523-3.356c-.329-.314-.158-.888.283-.95l4.898-.696L8.465.792c.197-.39.73-.39.927 0l2.19 4.327 4.898.696c.441.062.612.636.282.95l-3.522 3.356.83 4.73c.078.443-.35.79-.746.592L8 13.187l-4.389 2.256z\"\/>\n      <\/svg><svg xmlns=\"http:\/\/www.w3.org\/2000\/svg\" width=\"20\" height=\"20\" fill=\"gold\" viewbox=\"0 0 16 16\">\n        <path d=\"M3.612 15.443c-.396.198-.824-.149-.746-.592l.83-4.73-3.523-3.356c-.329-.314-.158-.888.283-.95l4.898-.696L8.465.792c.197-.39.73-.39.927 0l2.19 4.327 4.898.696c.441.062.612.636.282.95l-3.522 3.356.83 4.73c.078.443-.35.79-.746.592L8 13.187l-4.389 2.256z\"\/>\n      <\/svg><svg xmlns=\"http:\/\/www.w3.org\/2000\/svg\" width=\"20\" height=\"20\" fill=\"gold\" viewbox=\"0 0 16 16\">\n        <path d=\"M3.612 15.443c-.396.198-.824-.149-.746-.592l.83-4.73-3.523-3.356c-.329-.314-.158-.888.283-.95l4.898-.696L8.465.792c.197-.39.73-.39.927 0l2.19 4.327 4.898.696c.441.062.612.636.282.95l-3.522 3.356.83 4.73c.078.443-.35.79-.746.592L8 13.187l-4.389 2.256z\"\/>\n      <\/svg><\/td>\n<\/tr>\n<tr>\n<td width=\"131\">Hind<\/td>\n<td width=\"228\"><svg xmlns=\"http:\/\/www.w3.org\/2000\/svg\" width=\"20\" height=\"20\" fill=\"gold\" viewbox=\"0 0 16 16\">\n        <path d=\"M3.612 15.443c-.396.198-.824-.149-.746-.592l.83-4.73-3.523-3.356c-.329-.314-.158-.888.283-.95l4.898-.696L8.465.792c.197-.39.73-.39.927 0l2.19 4.327 4.898.696c.441.062.612.636.282.95l-3.522 3.356.83 4.73c.078.443-.35.79-.746.592L8 13.187l-4.389 2.256z\"\/>\n      <\/svg><svg xmlns=\"http:\/\/www.w3.org\/2000\/svg\" width=\"20\" height=\"20\" fill=\"gold\" viewbox=\"0 0 16 16\">\n        <path d=\"M3.612 15.443c-.396.198-.824-.149-.746-.592l.83-4.73-3.523-3.356c-.329-.314-.158-.888.283-.95l4.898-.696L8.465.792c.197-.39.73-.39.927 0l2.19 4.327 4.898.696c.441.062.612.636.282.95l-3.522 3.356.83 4.73c.078.443-.35.79-.746.592L8 13.187l-4.389 2.256z\"\/>\n      <\/svg><svg xmlns=\"http:\/\/www.w3.org\/2000\/svg\" width=\"20\" height=\"20\" fill=\"gold\" viewbox=\"0 0 16 16\">\n        <path d=\"M3.612 15.443c-.396.198-.824-.149-.746-.592l.83-4.73-3.523-3.356c-.329-.314-.158-.888.283-.95l4.898-.696L8.465.792c.197-.39.73-.39.927 0l2.19 4.327 4.898.696c.441.062.612.636.282.95l-3.522 3.356.83 4.73c.078.443-.35.79-.746.592L8 13.187l-4.389 2.256z\"\/>\n      <\/svg><svg xmlns=\"http:\/\/www.w3.org\/2000\/svg\" width=\"20\" height=\"20\" fill=\"gold\" viewbox=\"0 0 16 16\">\n        <path d=\"M3.612 15.443c-.396.198-.824-.149-.746-.592l.83-4.73-3.523-3.356c-.329-.314-.158-.888.283-.95l4.898-.696L8.465.792c.197-.39.73-.39.927 0l2.19 4.327 4.898.696c.441.062.612.636.282.95l-3.522 3.356.83 4.73c.078.443-.35.79-.746.592L8 13.187l-4.389 2.256z\"\/>\n      <\/svg><svg xmlns=\"http:\/\/www.w3.org\/2000\/svg\" width=\"20\" height=\"20\" fill=\"gold\" viewbox=\"0 0 16 16\">\n        <path d=\"M8 0c-.197 0-.394.097-.493.292L5.317 4.619l-4.898.696c-.441.062-.612.636-.283.95l3.523 3.356-.83 4.73c-.078.443.35.79.746.592L8 13.187V0z\"\/>\n      <\/svg>\n<\/td>\n<td width=\"228\">\n<svg xmlns=\"http:\/\/www.w3.org\/2000\/svg\" width=\"20\" height=\"20\" fill=\"gold\" viewbox=\"0 0 16 16\">\n        <path d=\"M3.612 15.443c-.396.198-.824-.149-.746-.592l.83-4.73-3.523-3.356c-.329-.314-.158-.888.283-.95l4.898-.696L8.465.792c.197-.39.73-.39.927 0l2.19 4.327 4.898.696c.441.062.612.636.282.95l-3.522 3.356.83 4.73c.078.443-.35.79-.746.592L8 13.187l-4.389 2.256z\"\/>\n      <\/svg><svg xmlns=\"http:\/\/www.w3.org\/2000\/svg\" width=\"20\" height=\"20\" fill=\"gold\" viewbox=\"0 0 16 16\">\n        <path d=\"M3.612 15.443c-.396.198-.824-.149-.746-.592l.83-4.73-3.523-3.356c-.329-.314-.158-.888.283-.95l4.898-.696L8.465.792c.197-.39.73-.39.927 0l2.19 4.327 4.898.696c.441.062.612.636.282.95l-3.522 3.356.83 4.73c.078.443-.35.79-.746.592L8 13.187l-4.389 2.256z\"\/>\n      <\/svg><svg xmlns=\"http:\/\/www.w3.org\/2000\/svg\" width=\"20\" height=\"20\" fill=\"gold\" viewbox=\"0 0 16 16\">\n        <path d=\"M3.612 15.443c-.396.198-.824-.149-.746-.592l.83-4.73-3.523-3.356c-.329-.314-.158-.888.283-.95l4.898-.696L8.465.792c.197-.39.73-.39.927 0l2.19 4.327 4.898.696c.441.062.612.636.282.95l-3.522 3.356.83 4.73c.078.443-.35.79-.746.592L8 13.187l-4.389 2.256z\"\/>\n      <\/svg><svg xmlns=\"http:\/\/www.w3.org\/2000\/svg\" width=\"20\" height=\"20\" fill=\"gold\" viewbox=\"0 0 16 16\">\n        <path d=\"M3.612 15.443c-.396.198-.824-.149-.746-.592l.83-4.73-3.523-3.356c-.329-.314-.158-.888.283-.95l4.898-.696L8.465.792c.197-.39.73-.39.927 0l2.19 4.327 4.898.696c.441.062.612.636.282.95l-3.522 3.356.83 4.73c.078.443-.35.79-.746.592L8 13.187l-4.389 2.256z\"\/>\n      <\/svg>\n<\/td>\n<\/tr>\n<\/tbody>\n<\/table>\n<p data-start=\"155\" data-end=\"414\">Ohutuks pukserhaamril\u00f6\u00f6miseks peate kasutama seda pukserhaamri rullikut koos <strong>teraskate<\/strong>. Pakume kahte t\u00fc\u00fcpi teraskatteid: koos v\u00f5i ilma <strong>abirullid<\/strong>. Abirullid muudavad lihvimise lihtsamaks, pakuvad paremat kasutusmugavust ja v\u00e4hendavad v\u00e4simust.<\/p>\n<div style=\"width: 1280px;\" class=\"wp-video\"><video class=\"wp-video-shortcode\" id=\"video-1164-1\" width=\"1280\" height=\"720\" preload=\"metadata\" controls=\"controls\"><source type=\"video\/mp4\" src=\"http:\/\/xpertdiamondtools.com\/wp-content\/uploads\/2025\/03\/Stone_Scratching_Comparison_SteelCover_AssistRollers1.mp4?_=1\" \/><a href=\"http:\/\/xpertdiamondtools.com\/wp-content\/uploads\/2025\/03\/Stone_Scratching_Comparison_SteelCover_AssistRollers1.mp4\">http:\/\/xpertdiamondtools.com\/wp-content\/uploads\/2025\/03\/Stone_Scratching_Comparison_SteelCover_AssistRollers1.mp4<\/a><\/video><\/div>\n<p data-start=\"416\" data-end=\"787\">Oluline on m\u00e4rkida, et meie teraskatted on spetsiaalselt m\u00f5eldud <strong>Makita v\u00f5i Bosch nurklihvijad<\/strong>.<\/p>\n<ol>\n<li data-start=\"416\" data-end=\"787\">Kui kasutate teisi nurklihvimismasinate kaubam\u00e4rke, peame kohandama teraskatte \u00fchendust vastavalt teie konkreetsele mudelile.<\/li>\n<li data-start=\"416\" data-end=\"787\">Alternatiivina saate meilt osta komplekti, mis sisaldab nurklihvijat (Bosch v\u00f5i Makita), kriimustusv\u00f5lli ja teraskatet.<\/li>\n<li data-start=\"416\" data-end=\"787\">Teraskatte v\u00f5ite ka ise kohapeal valmistada v\u00f5i lasta seda kohalikus kaupluses kohandada. Harva teevad seda kliendid, kuid \u00fcks meie klientidest on kulude kokkuhoiu eesm\u00e4rgil teraskatte ise teinud.<\/li>\n<\/ol>\n<p data-start=\"789\" data-end=\"893\">Lisaks pakume <strong>varul\u00f5ikep\u00e4\u00e4sud<\/strong>. Saate osta lisal\u00f5ikuspead tulevase asendamise jaoks.<\/p>\n<p>&nbsp;<\/p>","protected":false},"excerpt":{"rendered":"<p>Suurep\u00e4rane p\u00f5\u00f5sahaamri t\u00f6\u00f6riist graniidi, marmori ja muude kivide pinnale kriimustuste tekitamiseks. Lihtne kasutada nurklihvidega. Teraskate koos abirullidega muudab lihvimise palju lihtsamaks.<\/p>\n<ul>\n<li><strong>Valikuline l\u00f5ikematerjal:<\/strong> Karbiid, PCD<\/li>\n<li><strong>Rulli suurus:<\/strong> D115mmxL140mm<\/li>\n<li><strong>L\u00f5ikamispead nr.<\/strong>: 36 t\u00fckki<\/li>\n<li><strong>Ruumiline ruum:<\/strong> 2,5 mm<\/li>\n<li><strong>\u00dchilduv masin:<\/strong> Nurklihvmasin<\/li>\n<li><strong>Netokaal:<\/strong> 3.8kg<\/li>\n<li><strong>Kaasas tasuta kuuskantv\u00f5ti<\/strong><\/li>\n<\/ul>","protected":false},"featured_media":1165,"template":"","meta":{"_uag_custom_page_level_css":"","site-sidebar-layout":"default","site-content-layout":"","ast-site-content-layout":"default","site-content-style":"default","site-sidebar-style":"default","ast-global-header-display":"","ast-banner-title-visibility":"","ast-main-header-display":"","ast-hfb-above-header-display":"","ast-hfb-below-header-display":"","ast-hfb-mobile-header-display":"","site-post-title":"","ast-breadcrumbs-content":"","ast-featured-img":"","footer-sml-layout":"","theme-transparent-header-meta":"default","adv-header-id-meta":"","stick-header-meta":"","header-above-stick-meta":"","header-main-stick-meta":"","header-below-stick-meta":"","astra-migrate-meta-layouts":"set","ast-page-background-enabled":"default","ast-page-background-meta":{"desktop":{"background-color":"var(--ast-global-color-5)","background-image":"","background-repeat":"repeat","background-position":"center center","background-size":"auto","background-attachment":"scroll","background-type":"","background-media":"","overlay-type":"","overlay-color":"","overlay-opacity":"","overlay-gradient":""},"tablet":{"background-color":"","background-image":"","background-repeat":"repeat","background-position":"center center","background-size":"auto","background-attachment":"scroll","background-type":"","background-media":"","overlay-type":"","overlay-color":"","overlay-opacity":"","overlay-gradient":""},"mobile":{"background-color":"","background-image":"","background-repeat":"repeat","background-position":"center center","background-size":"auto","background-attachment":"scroll","background-type":"","background-media":"","overlay-type":"","overlay-color":"","overlay-opacity":"","overlay-gradient":""}},"ast-content-background-meta":{"desktop":{"background-color":"var(--ast-global-color-4)","background-image":"","background-repeat":"repeat","background-position":"center center","background-size":"auto","background-attachment":"scroll","background-type":"","background-media":"","overlay-type":"","overlay-color":"","overlay-opacity":"","overlay-gradient":""},"tablet":{"background-color":"var(--ast-global-color-4)","background-image":"","background-repeat":"repeat","background-position":"center center","background-size":"auto","background-attachment":"scroll","background-type":"","background-media":"","overlay-type":"","overlay-color":"","overlay-opacity":"","overlay-gradient":""},"mobile":{"background-color":"var(--ast-global-color-4)","background-image":"","background-repeat":"repeat","background-position":"center center","background-size":"auto","background-attachment":"scroll","background-type":"","background-media":"","overlay-type":"","overlay-color":"","overlay-opacity":"","overlay-gradient":""}}},"product_brand":[61],"product_cat":[22,75],"product_tag":[111,110],"class_list":{"0":"post-1164","1":"product","2":"type-product","3":"status-publish","4":"has-post-thumbnail","6":"product_brand-xpert-diamond-tools","7":"product_cat-diamond-bush-hammers","8":"product_cat-bush-hammer-rollers","9":"product_tag-bush-hammer-roller","10":"product_tag-bush-hammer-tool","11":"desktop-align-center","12":"tablet-align-left","13":"mobile-align-left","15":"first","16":"instock","17":"shipping-taxable","18":"purchasable","19":"product-type-simple"},"spectra_custom_meta":{"_edit_last":["1"],"_edit_lock":["1745481317:1"],"rank_math_seo_score":["9"],"total_sales":["0"],"_tax_status":["taxable"],"_tax_class":[""],"_manage_stock":["no"],"_backorders":["no"],"_sold_individually":["no"],"_virtual":["no"],"_downloadable":["no"],"_download_limit":["-1"],"_download_expiry":["-1"],"_stock":[null],"_stock_status":["instock"],"_wc_average_rating":["0"],"_wc_review_count":["0"],"_product_version":["9.7.1"],"rank_math_primary_product_brand":["61"],"rank_math_primary_product_cat":["22"],"site-sidebar-layout":["default"],"ast-site-content-layout":["default"],"site-content-style":["default"],"site-sidebar-style":["default"],"theme-transparent-header-meta":["default"],"rank_math_analytic_object_id":["19"],"_thumbnail_id":["1165"],"_product_image_gallery":["1166,1177"],"astra-migrate-meta-layouts":["set"],"_regular_price":["0"],"_price":["0"],"_uag_page_assets":["a:9:{s:3:\"css\";s:7347:\".uag-blocks-common-selector{z-index:var(--z-index-desktop) !important}@media (max-width: 976px){.uag-blocks-common-selector{z-index:var(--z-index-tablet) !important}}@media (max-width: 767px){.uag-blocks-common-selector{z-index:var(--z-index-mobile) !important}}\n.wp-block-uagb-image{display:flex}.wp-block-uagb-image__figure{position:relative;display:flex;flex-direction:column;max-width:100%;height:auto;margin:0}.wp-block-uagb-image__figure img{height:auto;display:flex;max-width:100%;transition:box-shadow 0.2s ease}.wp-block-uagb-image__figure>a{display:inline-block}.wp-block-uagb-image__figure figcaption{text-align:center;margin-top:0.5em;margin-bottom:1em}.wp-block-uagb-image .components-placeholder.block-editor-media-placeholder .components-placeholder__instructions{align-self:center}.wp-block-uagb-image--align-left{text-align:left}.wp-block-uagb-image--align-right{text-align:right}.wp-block-uagb-image--align-center{text-align:center}.wp-block-uagb-image--align-full .wp-block-uagb-image__figure{margin-left:calc(50% - 50vw);margin-right:calc(50% - 50vw);max-width:100vw;width:100vw;height:auto}.wp-block-uagb-image--align-full .wp-block-uagb-image__figure img{height:auto;width:100% !important}.wp-block-uagb-image--align-wide .wp-block-uagb-image__figure img{height:auto;width:100%}.wp-block-uagb-image--layout-overlay__color-wrapper{position:absolute;left:0;top:0;right:0;bottom:0;opacity:0.2;background:rgba(0,0,0,0.5);transition:opacity 0.35s ease-in-out}.wp-block-uagb-image--layout-overlay-link{position:absolute;left:0;right:0;bottom:0;top:0}.wp-block-uagb-image--layout-overlay .wp-block-uagb-image__figure:hover .wp-block-uagb-image--layout-overlay__color-wrapper{opacity:1}.wp-block-uagb-image--layout-overlay__inner{position:absolute;left:15px;right:15px;bottom:15px;top:15px;display:flex;align-items:center;justify-content:center;flex-direction:column;border-color:#fff;transition:0.35s ease-in-out}.wp-block-uagb-image--layout-overlay__inner.top-left,.wp-block-uagb-image--layout-overlay__inner.top-center,.wp-block-uagb-image--layout-overlay__inner.top-right{justify-content:flex-start}.wp-block-uagb-image--layout-overlay__inner.bottom-left,.wp-block-uagb-image--layout-overlay__inner.bottom-center,.wp-block-uagb-image--layout-overlay__inner.bottom-right{justify-content:flex-end}.wp-block-uagb-image--layout-overlay__inner.top-left,.wp-block-uagb-image--layout-overlay__inner.center-left,.wp-block-uagb-image--layout-overlay__inner.bottom-left{align-items:flex-start}.wp-block-uagb-image--layout-overlay__inner.top-right,.wp-block-uagb-image--layout-overlay__inner.center-right,.wp-block-uagb-image--layout-overlay__inner.bottom-right{align-items:flex-end}.wp-block-uagb-image--layout-overlay__inner .uagb-image-heading{color:#fff;transition:transform 0.35s, opacity 0.35s ease-in-out;transform:translate3d(0, 24px, 0);margin:0;line-height:1em}.wp-block-uagb-image--layout-overlay__inner .uagb-image-separator{width:30%;border-top-width:2px;border-top-color:#fff;border-top-style:solid;margin-bottom:10px;opacity:0;transition:transform 0.4s, opacity 0.4s ease-in-out;transform:translate3d(0, 30px, 0)}.wp-block-uagb-image--layout-overlay__inner .uagb-image-caption{opacity:0;overflow:visible;color:#fff;transition:transform 0.45s, opacity 0.45s ease-in-out;transform:translate3d(0, 35px, 0)}.wp-block-uagb-image--layout-overlay__inner:hover .uagb-image-heading,.wp-block-uagb-image--layout-overlay__inner:hover .uagb-image-separator,.wp-block-uagb-image--layout-overlay__inner:hover .uagb-image-caption{opacity:1;transform:translate3d(0, 0, 0)}.wp-block-uagb-image--effect-zoomin .wp-block-uagb-image__figure img,.wp-block-uagb-image--effect-zoomin .wp-block-uagb-image__figure .wp-block-uagb-image--layout-overlay__color-wrapper{transform:scale(1);transition:transform 0.35s ease-in-out}.wp-block-uagb-image--effect-zoomin .wp-block-uagb-image__figure:hover img,.wp-block-uagb-image--effect-zoomin .wp-block-uagb-image__figure:hover .wp-block-uagb-image--layout-overlay__color-wrapper{transform:scale(1.05)}.wp-block-uagb-image--effect-slide .wp-block-uagb-image__figure img,.wp-block-uagb-image--effect-slide .wp-block-uagb-image__figure .wp-block-uagb-image--layout-overlay__color-wrapper{width:calc(100% + 40px) !important;max-width:none !important;transform:translate3d(-40px, 0, 0);transition:transform 0.35s ease-in-out}.wp-block-uagb-image--effect-slide .wp-block-uagb-image__figure:hover img,.wp-block-uagb-image--effect-slide .wp-block-uagb-image__figure:hover .wp-block-uagb-image--layout-overlay__color-wrapper{transform:translate3d(0, 0, 0)}.wp-block-uagb-image--effect-grayscale img{filter:grayscale(0%);transition:0.35s ease-in-out}.wp-block-uagb-image--effect-grayscale:hover img{filter:grayscale(100%)}.wp-block-uagb-image--effect-blur img{filter:blur(0);transition:0.35s ease-in-out}.wp-block-uagb-image--effect-blur:hover img{filter:blur(3px)}\n.uagb-block-465af194.wp-block-uagb-image{text-align: left;justify-content: flex-start;align-self: flex-start;}.uagb-block-465af194 .wp-block-uagb-image__figure{align-items: flex-start;}.uagb-block-465af194.wp-block-uagb-image--layout-default figure img{box-shadow: 0px 0px 0 #00000070;}.uagb-block-465af194.wp-block-uagb-image .wp-block-uagb-image__figure figcaption{font-style: normal;align-self: center;}.uagb-block-465af194.wp-block-uagb-image--layout-overlay figure img{box-shadow: 0px 0px 0 #00000070;}.uagb-block-465af194.wp-block-uagb-image--layout-overlay .wp-block-uagb-image--layout-overlay__color-wrapper{opacity: 0.2;}.uagb-block-465af194.wp-block-uagb-image--layout-overlay .wp-block-uagb-image--layout-overlay__inner{left: 15px;right: 15px;top: 15px;bottom: 15px;}.uagb-block-465af194.wp-block-uagb-image--layout-overlay .wp-block-uagb-image--layout-overlay__inner .uagb-image-heading{font-style: normal;color: #fff;opacity: 1;}.uagb-block-465af194.wp-block-uagb-image--layout-overlay .wp-block-uagb-image--layout-overlay__inner .uagb-image-heading a{color: #fff;}.uagb-block-465af194.wp-block-uagb-image--layout-overlay .wp-block-uagb-image--layout-overlay__inner .uagb-image-caption{opacity: 0;}.uagb-block-465af194.wp-block-uagb-image--layout-overlay .wp-block-uagb-image__figure:hover .wp-block-uagb-image--layout-overlay__color-wrapper{opacity: 1;}.uagb-block-465af194.wp-block-uagb-image .wp-block-uagb-image--layout-overlay__inner .uagb-image-separator{width: 30%;border-top-width: 2px;border-top-color: #fff;opacity: 0;}.uagb-block-465af194.wp-block-uagb-image .wp-block-uagb-image__figure img{width: 80px;height: 80px;}.uagb-block-465af194.wp-block-uagb-image .wp-block-uagb-image__figure:hover .wp-block-uagb-image--layout-overlay__inner .uagb-image-caption{opacity: 1;}.uagb-block-465af194.wp-block-uagb-image .wp-block-uagb-image__figure:hover .wp-block-uagb-image--layout-overlay__inner .uagb-image-separator{opacity: 1;}.uagb-block-465af194.wp-block-uagb-image--layout-default figure:hover img{box-shadow: 0px 0px 0 #00000070;}.uagb-block-465af194.wp-block-uagb-image--layout-overlay figure:hover img{box-shadow: 0px 0px 0 #00000070;}@media only screen and (max-width: 976px) {.uagb-block-465af194.wp-block-uagb-image .wp-block-uagb-image__figure img{width: 80px;height: auto;}}@media only screen and (max-width: 767px) {.uagb-block-465af194.wp-block-uagb-image .wp-block-uagb-image__figure img{width: 80px;height: auto;}}\";s:2:\"js\";s:0:\"\";s:18:\"current_block_list\";a:13:{i:0;s:11:\"core\/search\";i:1;s:10:\"core\/group\";i:2;s:12:\"core\/heading\";i:3;s:17:\"core\/latest-posts\";i:4;s:9:\"core\/html\";i:5;s:14:\"core\/paragraph\";i:6;s:30:\"woocommerce\/product-categories\";i:7;s:14:\"core\/shortcode\";i:8;s:12:\"core\/columns\";i:9;s:11:\"core\/column\";i:11;s:10:\"uagb\/image\";i:12;s:17:\"core\/social-links\";i:13;s:16:\"core\/social-link\";}s:8:\"uag_flag\";b:1;s:11:\"uag_version\";s:10:\"1775811701\";s:6:\"gfonts\";a:0:{}s:10:\"gfonts_url\";s:0:\"\";s:12:\"gfonts_files\";a:0:{}s:14:\"uag_faq_layout\";b:0;}"],"_uag_css_file_name":["uag-css-1164.css"]},"uagb_featured_image_src":{"full":["https:\/\/xpertdiamondtools.com\/wp-content\/uploads\/2025\/03\/115mm-Bush-Hammer-Scratching-Roller-for-Angle-Grinder.jpg",768,768,false],"thumbnail":["https:\/\/xpertdiamondtools.com\/wp-content\/uploads\/2025\/03\/115mm-Bush-Hammer-Scratching-Roller-for-Angle-Grinder-150x150.jpg",150,150,true],"medium":["https:\/\/xpertdiamondtools.com\/wp-content\/uploads\/2025\/03\/115mm-Bush-Hammer-Scratching-Roller-for-Angle-Grinder-300x300.jpg",300,300,true],"medium_large":["https:\/\/xpertdiamondtools.com\/wp-content\/uploads\/2025\/03\/115mm-Bush-Hammer-Scratching-Roller-for-Angle-Grinder.jpg",768,768,false],"large":["https:\/\/xpertdiamondtools.com\/wp-content\/uploads\/2025\/03\/115mm-Bush-Hammer-Scratching-Roller-for-Angle-Grinder.jpg",768,768,false],"1536x1536":["https:\/\/xpertdiamondtools.com\/wp-content\/uploads\/2025\/03\/115mm-Bush-Hammer-Scratching-Roller-for-Angle-Grinder.jpg",768,768,false],"2048x2048":["https:\/\/xpertdiamondtools.com\/wp-content\/uploads\/2025\/03\/115mm-Bush-Hammer-Scratching-Roller-for-Angle-Grinder.jpg",768,768,false],"trp-custom-language-flag":["https:\/\/xpertdiamondtools.com\/wp-content\/uploads\/2025\/03\/115mm-Bush-Hammer-Scratching-Roller-for-Angle-Grinder.jpg",12,12,false],"woocommerce_thumbnail":["https:\/\/xpertdiamondtools.com\/wp-content\/uploads\/2025\/03\/115mm-Bush-Hammer-Scratching-Roller-for-Angle-Grinder-300x300.jpg",300,300,true],"woocommerce_single":["https:\/\/xpertdiamondtools.com\/wp-content\/uploads\/2025\/03\/115mm-Bush-Hammer-Scratching-Roller-for-Angle-Grinder.jpg",768,768,false],"woocommerce_gallery_thumbnail":["https:\/\/xpertdiamondtools.com\/wp-content\/uploads\/2025\/03\/115mm-Bush-Hammer-Scratching-Roller-for-Angle-Grinder-100x100.jpg",100,100,true]},"uagb_author_info":{"display_name":"Xpert Diamond Tools","author_link":"https:\/\/xpertdiamondtools.com\/et\/author\/"},"uagb_comment_info":0,"uagb_excerpt":"Excellent bush hammer tool for creating scratching finishes on the surfaces of granite, marble, and other stones. Easy to operate with angle grinders. Steel cover with assist rollers makes the grinding much easier. Optional Cutting Material: Carbide, PCD Roller Size: D115mmxL140mm Cutting Heads No.: 36 pieces Line Space: 2.5mm Compatible Machine: Angle Grinder Net Weight:&hellip;","_links":{"self":[{"href":"https:\/\/xpertdiamondtools.com\/et\/wp-json\/wp\/v2\/product\/1164","targetHints":{"allow":["GET"]}}],"collection":[{"href":"https:\/\/xpertdiamondtools.com\/et\/wp-json\/wp\/v2\/product"}],"about":[{"href":"https:\/\/xpertdiamondtools.com\/et\/wp-json\/wp\/v2\/types\/product"}],"wp:featuredmedia":[{"embeddable":true,"href":"https:\/\/xpertdiamondtools.com\/et\/wp-json\/wp\/v2\/media\/1165"}],"wp:attachment":[{"href":"https:\/\/xpertdiamondtools.com\/et\/wp-json\/wp\/v2\/media?parent=1164"}],"wp:term":[{"taxonomy":"product_brand","embeddable":true,"href":"https:\/\/xpertdiamondtools.com\/et\/wp-json\/wp\/v2\/product_brand?post=1164"},{"taxonomy":"product_cat","embeddable":true,"href":"https:\/\/xpertdiamondtools.com\/et\/wp-json\/wp\/v2\/product_cat?post=1164"},{"taxonomy":"product_tag","embeddable":true,"href":"https:\/\/xpertdiamondtools.com\/et\/wp-json\/wp\/v2\/product_tag?post=1164"}],"curies":[{"name":"wp","href":"https:\/\/api.w.org\/{rel}","templated":true}]}}